{"id":85129,"date":"2025-11-12T01:30:44","date_gmt":"2025-11-12T00:30:44","guid":{"rendered":"https:\/\/www.ernstbrunn-apotheke.at\/katalog\/produkt\/lactisol-liquidum-100-ml\/"},"modified":"2025-12-08T19:45:28","modified_gmt":"2025-12-08T18:45:28","slug":"lactisol-liquidum-100-ml","status":"publish","type":"product","link":"https:\/\/www.ernstbrunn-apotheke.at\/katalog\/produkt\/lactisol-liquidum-100-ml\/","title":{"rendered":"Lactisol Liquidum 100 ml"},"content":{"rendered":"<p>Lactisol Liquidum sch\u00fctzt die Schleimh\u00e4ute und st\u00e4rkt das Verdauungssystem. Durch seine oberfl\u00e4chenaktiven Eigenschaften legt sich der nat\u00fcrliche Wirkstoff von Lactisol Liquidum wie ein Schutzschild auf die Schleimh\u00e4ute und optimiert den S\u00e4uregrad der Schleimh\u00e4ute.<\/p>\n","protected":false},"excerpt":{"rendered":"<p>Lactisol Liquidum sch\u00fctzt die Schleimh\u00e4ute und st\u00e4rkt das Verdauungssystem. Durch seine oberfl\u00e4chenaktiven Eigenschaften legt sich der nat\u00fcrliche Wirkstoff von Lactisol Liquidum wie ein Schutzschild auf die Schleimh\u00e4ute und optimiert den S\u00e4uregrad der Schleimh\u00e4ute.<\/p>\n","protected":false},"featured_media":85131,"template":"","meta":{"_acf_changed":false},"product_brand":[],"product_cat":[795],"product_tag":[],"class_list":{"0":"post-85129","1":"product","2":"type-product","3":"status-publish","4":"has-post-thumbnail","6":"product_cat-l","7":"pa_packungsgroesse-100ml","9":"first","10":"instock","11":"shipping-taxable","12":"purchasable","13":"product-type-simple"},"acf":[],"_links":{"self":[{"href":"https:\/\/www.ernstbrunn-apotheke.at\/katalog\/wp-json\/wp\/v2\/product\/85129","targetHints":{"allow":["GET"]}}],"collection":[{"href":"https:\/\/www.ernstbrunn-apotheke.at\/katalog\/wp-json\/wp\/v2\/product"}],"about":[{"href":"https:\/\/www.ernstbrunn-apotheke.at\/katalog\/wp-json\/wp\/v2\/types\/product"}],"wp:featuredmedia":[{"embeddable":true,"href":"https:\/\/www.ernstbrunn-apotheke.at\/katalog\/wp-json\/wp\/v2\/media\/85131"}],"wp:attachment":[{"href":"https:\/\/www.ernstbrunn-apotheke.at\/katalog\/wp-json\/wp\/v2\/media?parent=85129"}],"wp:term":[{"taxonomy":"product_brand","embeddable":true,"href":"https:\/\/www.ernstbrunn-apotheke.at\/katalog\/wp-json\/wp\/v2\/product_brand?post=85129"},{"taxonomy":"product_cat","embeddable":true,"href":"https:\/\/www.ernstbrunn-apotheke.at\/katalog\/wp-json\/wp\/v2\/product_cat?post=85129"},{"taxonomy":"product_tag","embeddable":true,"href":"https:\/\/www.ernstbrunn-apotheke.at\/katalog\/wp-json\/wp\/v2\/product_tag?post=85129"}],"curies":[{"name":"wp","href":"https:\/\/api.w.org\/{rel}","templated":true}]}}