{"id":85058,"date":"2025-11-12T01:29:29","date_gmt":"2025-11-12T00:29:29","guid":{"rendered":"https:\/\/www.ernstbrunn-apotheke.at\/katalog\/produkt\/bioflora-lab-q10-coenzym-kapseln-bioactiv-60-stk\/"},"modified":"2025-12-08T19:45:02","modified_gmt":"2025-12-08T18:45:02","slug":"bioflora-lab-q10-coenzym-kapseln-bioactiv-60-stk","status":"publish","type":"product","link":"https:\/\/www.ernstbrunn-apotheke.at\/katalog\/produkt\/bioflora-lab-q10-coenzym-kapseln-bioactiv-60-stk\/","title":{"rendered":"Bioflora LAB Q10 Coenzym Kapseln Bioactiv 60 Stk."},"content":{"rendered":"<p>Ehrmed Bioflora Q10 Coenzym Kapseln Bioactiv zeichnen sich durch im Vergleich zu herk\u00f6mmlichem Q10 mit einer 3- fach h\u00f6heren Bioverf\u00fcgbarkeit aus. Zur St\u00e4rkung von Herz und Herzmuskel.<\/p>\n","protected":false},"excerpt":{"rendered":"<p>Ehrmed Bioflora Q10 Coenzym Kapseln Bioactiv zeichnen sich durch im Vergleich zu herk\u00f6mmlichem Q10 mit einer 3- fach h\u00f6heren Bioverf\u00fcgbarkeit aus. Zur St\u00e4rkung von Herz und Herzmuskel.<\/p>\n","protected":false},"featured_media":85060,"template":"","meta":{"_acf_changed":false},"product_brand":[434],"product_cat":[802],"product_tag":[],"class_list":{"0":"post-85058","1":"product","2":"type-product","3":"status-publish","4":"has-post-thumbnail","6":"product_brand-bioflora-lab","7":"product_cat-b","8":"pa_packungsgroesse-60-stueck","10":"first","11":"instock","12":"shipping-taxable","13":"purchasable","14":"product-type-simple"},"acf":[],"_links":{"self":[{"href":"https:\/\/www.ernstbrunn-apotheke.at\/katalog\/wp-json\/wp\/v2\/product\/85058","targetHints":{"allow":["GET"]}}],"collection":[{"href":"https:\/\/www.ernstbrunn-apotheke.at\/katalog\/wp-json\/wp\/v2\/product"}],"about":[{"href":"https:\/\/www.ernstbrunn-apotheke.at\/katalog\/wp-json\/wp\/v2\/types\/product"}],"wp:featuredmedia":[{"embeddable":true,"href":"https:\/\/www.ernstbrunn-apotheke.at\/katalog\/wp-json\/wp\/v2\/media\/85060"}],"wp:attachment":[{"href":"https:\/\/www.ernstbrunn-apotheke.at\/katalog\/wp-json\/wp\/v2\/media?parent=85058"}],"wp:term":[{"taxonomy":"product_brand","embeddable":true,"href":"https:\/\/www.ernstbrunn-apotheke.at\/katalog\/wp-json\/wp\/v2\/product_brand?post=85058"},{"taxonomy":"product_cat","embeddable":true,"href":"https:\/\/www.ernstbrunn-apotheke.at\/katalog\/wp-json\/wp\/v2\/product_cat?post=85058"},{"taxonomy":"product_tag","embeddable":true,"href":"https:\/\/www.ernstbrunn-apotheke.at\/katalog\/wp-json\/wp\/v2\/product_tag?post=85058"}],"curies":[{"name":"wp","href":"https:\/\/api.w.org\/{rel}","templated":true}]}}