{"id":85044,"date":"2025-11-12T01:29:13","date_gmt":"2025-11-12T00:29:13","guid":{"rendered":"https:\/\/www.ernstbrunn-apotheke.at\/katalog\/produkt\/apopharm-bachblueten-25-red-chestnut-20-ml\/"},"modified":"2025-12-08T19:44:56","modified_gmt":"2025-12-08T18:44:56","slug":"apopharm-bachblueten-25-red-chestnut-20-ml","status":"publish","type":"product","link":"https:\/\/www.ernstbrunn-apotheke.at\/katalog\/produkt\/apopharm-bachblueten-25-red-chestnut-20-ml\/","title":{"rendered":"Apopharm Bachbl\u00fcten 25 Red Chestnut 20 ml"},"content":{"rendered":"<p>Apopharm Bachbl\u00fcten 25 Red Chestnut eignet sich zur Anwendung bei allen krankhaften St\u00f6rungen, die mit altruistischen Sorgen einhergehen oder davon ausgel\u00f6st wurden. So wird es zur Basisbehandlung bei krankhaftem Sich-Sorgen-machen sowie neurotischem Mitleid eingesetzt.<\/p>\n","protected":false},"excerpt":{"rendered":"<p>Apopharm Bachbl\u00fcten 25 Red Chestnut eignet sich zur Anwendung bei allen krankhaften St\u00f6rungen, die mit altruistischen Sorgen einhergehen oder davon ausgel\u00f6st wurden. So wird es zur Basisbehandlung bei krankhaftem Sich-Sorgen-machen sowie neurotischem Mitleid eingesetzt.<\/p>\n","protected":false},"featured_media":85046,"template":"","meta":{"_acf_changed":false},"product_brand":[],"product_cat":[801],"product_tag":[],"class_list":{"0":"post-85044","1":"product","2":"type-product","3":"status-publish","4":"has-post-thumbnail","6":"product_cat-a","7":"pa_packungsgroesse-20ml","9":"first","10":"instock","11":"shipping-taxable","12":"purchasable","13":"product-type-simple"},"acf":[],"_links":{"self":[{"href":"https:\/\/www.ernstbrunn-apotheke.at\/katalog\/wp-json\/wp\/v2\/product\/85044","targetHints":{"allow":["GET"]}}],"collection":[{"href":"https:\/\/www.ernstbrunn-apotheke.at\/katalog\/wp-json\/wp\/v2\/product"}],"about":[{"href":"https:\/\/www.ernstbrunn-apotheke.at\/katalog\/wp-json\/wp\/v2\/types\/product"}],"wp:featuredmedia":[{"embeddable":true,"href":"https:\/\/www.ernstbrunn-apotheke.at\/katalog\/wp-json\/wp\/v2\/media\/85046"}],"wp:attachment":[{"href":"https:\/\/www.ernstbrunn-apotheke.at\/katalog\/wp-json\/wp\/v2\/media?parent=85044"}],"wp:term":[{"taxonomy":"product_brand","embeddable":true,"href":"https:\/\/www.ernstbrunn-apotheke.at\/katalog\/wp-json\/wp\/v2\/product_brand?post=85044"},{"taxonomy":"product_cat","embeddable":true,"href":"https:\/\/www.ernstbrunn-apotheke.at\/katalog\/wp-json\/wp\/v2\/product_cat?post=85044"},{"taxonomy":"product_tag","embeddable":true,"href":"https:\/\/www.ernstbrunn-apotheke.at\/katalog\/wp-json\/wp\/v2\/product_tag?post=85044"}],"curies":[{"name":"wp","href":"https:\/\/api.w.org\/{rel}","templated":true}]}}