{"id":8498,"date":"2025-11-07T13:43:06","date_gmt":"2025-11-07T12:43:06","guid":{"rendered":"https:\/\/www.ernstbrunn-apotheke.at\/katalog\/produkt\/makumed-lutein-10-mg-kapseln-90-stk\/"},"modified":"2025-12-08T13:25:45","modified_gmt":"2025-12-08T12:25:45","slug":"makumed-lutein-10-mg-kapseln-90-stk","status":"publish","type":"product","link":"https:\/\/www.ernstbrunn-apotheke.at\/katalog\/produkt\/makumed-lutein-10-mg-kapseln-90-stk\/","title":{"rendered":"Makumed Lutein 10 mg Kapseln 90 Stk."},"content":{"rendered":"<p>Makumed Lutein-Kapseln dienen zur di\u00e4tischen Behandlung von altersabh\u00e4ngigen Makuladegenerationen (AMD). Sie enthalten hochdosiertes, nat\u00fcrliches Lutein und verbessern die Sehsch\u00e4rfe. Au\u00dferdem steigern sie die Kontrastempfindlichkeit und erh\u00f6hen die Makula-Pigmentdichte. Dieses Produkt erhalten Sie in den Packungsgr\u00f6\u00dfen 30 und 90 St\u00fcck.<\/p>\n","protected":false},"excerpt":{"rendered":"<p>Makumed Lutein-Kapseln dienen zur di\u00e4tischen Behandlung von altersabh\u00e4ngigen Makuladegenerationen (AMD). Sie enthalten hochdosiertes, nat\u00fcrliches Lutein und verbessern die Sehsch\u00e4rfe. Au\u00dferdem steigern sie die Kontrastempfindlichkeit und erh\u00f6hen die Makula-Pigmentdichte. Dieses Produkt erhalten Sie in den Packungsgr\u00f6\u00dfen 30 und 90 St\u00fcck.<\/p>\n","protected":false},"featured_media":8500,"template":"","meta":{"_acf_changed":false},"product_brand":[],"product_cat":[800],"product_tag":[],"class_list":{"0":"post-8498","1":"product","2":"type-product","3":"status-publish","4":"has-post-thumbnail","6":"product_cat-m","7":"pa_packungsgroesse-30-stueck","8":"pa_packungsgroesse-90-stueck","10":"first","11":"instock","12":"shipping-taxable","13":"purchasable","14":"product-type-simple"},"acf":[],"_links":{"self":[{"href":"https:\/\/www.ernstbrunn-apotheke.at\/katalog\/wp-json\/wp\/v2\/product\/8498","targetHints":{"allow":["GET"]}}],"collection":[{"href":"https:\/\/www.ernstbrunn-apotheke.at\/katalog\/wp-json\/wp\/v2\/product"}],"about":[{"href":"https:\/\/www.ernstbrunn-apotheke.at\/katalog\/wp-json\/wp\/v2\/types\/product"}],"wp:featuredmedia":[{"embeddable":true,"href":"https:\/\/www.ernstbrunn-apotheke.at\/katalog\/wp-json\/wp\/v2\/media\/8500"}],"wp:attachment":[{"href":"https:\/\/www.ernstbrunn-apotheke.at\/katalog\/wp-json\/wp\/v2\/media?parent=8498"}],"wp:term":[{"taxonomy":"product_brand","embeddable":true,"href":"https:\/\/www.ernstbrunn-apotheke.at\/katalog\/wp-json\/wp\/v2\/product_brand?post=8498"},{"taxonomy":"product_cat","embeddable":true,"href":"https:\/\/www.ernstbrunn-apotheke.at\/katalog\/wp-json\/wp\/v2\/product_cat?post=8498"},{"taxonomy":"product_tag","embeddable":true,"href":"https:\/\/www.ernstbrunn-apotheke.at\/katalog\/wp-json\/wp\/v2\/product_tag?post=8498"}],"curies":[{"name":"wp","href":"https:\/\/api.w.org\/{rel}","templated":true}]}}