{"id":84932,"date":"2025-11-12T01:27:08","date_gmt":"2025-11-12T00:27:08","guid":{"rendered":"https:\/\/www.ernstbrunn-apotheke.at\/katalog\/produkt\/abtei-calcium-1000-d3-osteo-vital-kautabletten-30-stk\/"},"modified":"2025-12-08T19:44:04","modified_gmt":"2025-12-08T18:44:04","slug":"abtei-calcium-1000-d3-osteo-vital-kautabletten-30-stk","status":"publish","type":"product","link":"https:\/\/www.ernstbrunn-apotheke.at\/katalog\/produkt\/abtei-calcium-1000-d3-osteo-vital-kautabletten-30-stk\/","title":{"rendered":"Abtei Calcium 1000 + D3 Osteo Vital Kautabletten 30 Stk."},"content":{"rendered":"<p>Die Abtei Calcium 1000 + D3 Osteo Vital Kautabletten mit erfrischendem Zitrusgeschmack bestehen aus einer Kombination aus Calcium und seinem Einbauhelfer Vitamin D3. Durch das Vitamin wird die Einlagerung des Calciums in die Knochen und Z\u00e4hne gef\u00f6rdert und somit bis ins hohe Alter eine gesunde Knochendichte beg\u00fcnstigt und eine normale Beweglichkeit erhalten<\/p>\n","protected":false},"excerpt":{"rendered":"<p>Die Abtei Calcium 1000 + D3 Osteo Vital Kautabletten mit erfrischendem Zitrusgeschmack bestehen aus einer Kombination aus Calcium und seinem Einbauhelfer Vitamin D3. Durch das Vitamin wird die Einlagerung des Calciums in die Knochen und Z\u00e4hne gef\u00f6rdert und somit bis ins hohe Alter eine gesunde Knochendichte beg\u00fcnstigt und eine normale Beweglichkeit erhalten<\/p>\n","protected":false},"featured_media":84934,"template":"","meta":{"_acf_changed":false},"product_brand":[484],"product_cat":[801],"product_tag":[],"class_list":{"0":"post-84932","1":"product","2":"type-product","3":"status-publish","4":"has-post-thumbnail","6":"product_brand-abtei","7":"product_cat-a","8":"pa_packungsgroesse-30-stueck","10":"first","11":"instock","12":"shipping-taxable","13":"purchasable","14":"product-type-simple"},"acf":[],"_links":{"self":[{"href":"https:\/\/www.ernstbrunn-apotheke.at\/katalog\/wp-json\/wp\/v2\/product\/84932","targetHints":{"allow":["GET"]}}],"collection":[{"href":"https:\/\/www.ernstbrunn-apotheke.at\/katalog\/wp-json\/wp\/v2\/product"}],"about":[{"href":"https:\/\/www.ernstbrunn-apotheke.at\/katalog\/wp-json\/wp\/v2\/types\/product"}],"wp:featuredmedia":[{"embeddable":true,"href":"https:\/\/www.ernstbrunn-apotheke.at\/katalog\/wp-json\/wp\/v2\/media\/84934"}],"wp:attachment":[{"href":"https:\/\/www.ernstbrunn-apotheke.at\/katalog\/wp-json\/wp\/v2\/media?parent=84932"}],"wp:term":[{"taxonomy":"product_brand","embeddable":true,"href":"https:\/\/www.ernstbrunn-apotheke.at\/katalog\/wp-json\/wp\/v2\/product_brand?post=84932"},{"taxonomy":"product_cat","embeddable":true,"href":"https:\/\/www.ernstbrunn-apotheke.at\/katalog\/wp-json\/wp\/v2\/product_cat?post=84932"},{"taxonomy":"product_tag","embeddable":true,"href":"https:\/\/www.ernstbrunn-apotheke.at\/katalog\/wp-json\/wp\/v2\/product_tag?post=84932"}],"curies":[{"name":"wp","href":"https:\/\/api.w.org\/{rel}","templated":true}]}}