{"id":84911,"date":"2025-11-12T01:26:33","date_gmt":"2025-11-12T00:26:33","guid":{"rendered":"https:\/\/www.ernstbrunn-apotheke.at\/katalog\/produkt\/monatshygiene-soft-tampon-10-stk-mini\/"},"modified":"2025-12-08T19:43:59","modified_gmt":"2025-12-08T18:43:59","slug":"monatshygiene-soft-tampon-10-stk-mini","status":"publish","type":"product","link":"https:\/\/www.ernstbrunn-apotheke.at\/katalog\/produkt\/monatshygiene-soft-tampon-10-stk-mini\/","title":{"rendered":"Monatshygiene Soft Tampon 10 Stk. Mini"},"content":{"rendered":"<p>Monatshygiene Soft Tampons wurden nach dem neuesten Stand der Gyn\u00e4kologie f\u00fcr h\u00f6chsten Tragekomfort w\u00e4hrend der Menstruation entwickelt Sie eignen sich ideal f\u00fcr das Tragen in der Sauna, beim Schwimmen sowie f\u00fcr alle anderen Aktivit\u00e4ten. Hygienische Sicherheit steht dabei immer an erster Stelle.<\/p>\n","protected":false},"excerpt":{"rendered":"<p>Monatshygiene Soft Tampons wurden nach dem neuesten Stand der Gyn\u00e4kologie f\u00fcr h\u00f6chsten Tragekomfort w\u00e4hrend der Menstruation entwickelt Sie eignen sich ideal f\u00fcr das Tragen in der Sauna, beim Schwimmen sowie f\u00fcr alle anderen Aktivit\u00e4ten. Hygienische Sicherheit steht dabei immer an erster Stelle.<\/p>\n","protected":false},"featured_media":84913,"template":"","meta":{"_acf_changed":false},"product_brand":[],"product_cat":[800],"product_tag":[],"class_list":{"0":"post-84911","1":"product","2":"type-product","3":"status-publish","4":"has-post-thumbnail","6":"product_cat-m","7":"pa_packungsgroesse-10-stueck","9":"first","10":"instock","11":"shipping-taxable","12":"purchasable","13":"product-type-simple"},"acf":[],"_links":{"self":[{"href":"https:\/\/www.ernstbrunn-apotheke.at\/katalog\/wp-json\/wp\/v2\/product\/84911","targetHints":{"allow":["GET"]}}],"collection":[{"href":"https:\/\/www.ernstbrunn-apotheke.at\/katalog\/wp-json\/wp\/v2\/product"}],"about":[{"href":"https:\/\/www.ernstbrunn-apotheke.at\/katalog\/wp-json\/wp\/v2\/types\/product"}],"wp:featuredmedia":[{"embeddable":true,"href":"https:\/\/www.ernstbrunn-apotheke.at\/katalog\/wp-json\/wp\/v2\/media\/84913"}],"wp:attachment":[{"href":"https:\/\/www.ernstbrunn-apotheke.at\/katalog\/wp-json\/wp\/v2\/media?parent=84911"}],"wp:term":[{"taxonomy":"product_brand","embeddable":true,"href":"https:\/\/www.ernstbrunn-apotheke.at\/katalog\/wp-json\/wp\/v2\/product_brand?post=84911"},{"taxonomy":"product_cat","embeddable":true,"href":"https:\/\/www.ernstbrunn-apotheke.at\/katalog\/wp-json\/wp\/v2\/product_cat?post=84911"},{"taxonomy":"product_tag","embeddable":true,"href":"https:\/\/www.ernstbrunn-apotheke.at\/katalog\/wp-json\/wp\/v2\/product_tag?post=84911"}],"curies":[{"name":"wp","href":"https:\/\/api.w.org\/{rel}","templated":true}]}}