{"id":84906,"date":"2025-11-12T01:26:33","date_gmt":"2025-11-12T00:26:33","guid":{"rendered":"https:\/\/www.ernstbrunn-apotheke.at\/katalog\/produkt\/adler-bachblueten-beech-tropfen-30-ml\/"},"modified":"2025-12-08T19:43:56","modified_gmt":"2025-12-08T18:43:56","slug":"adler-bachblueten-beech-tropfen-30-ml","status":"publish","type":"product","link":"https:\/\/www.ernstbrunn-apotheke.at\/katalog\/produkt\/adler-bachblueten-beech-tropfen-30-ml\/","title":{"rendered":"Adler Bachbl\u00fcten Beech Tropfen 30 ml"},"content":{"rendered":"<p>Adler Bachbl\u00fcten Beech Tropfen 30 ml sind Teil der &#8222;Zweiten Neunzehn&#8220; Bachbl\u00fctenessenzen, die mit Gem\u00fctszust\u00e4nden verwandt sind und sich auf allt\u00e4gliche Situationen beziehen. Beech Tropfen eignen sich zur unterst\u00fctzenden Behandlung bei \u00fcbertriebener Toleranz als Kompensation und Verdr\u00e4ngung einer tiefsitzenden Intoleranz, Allergien, \u00fcbertriebener Gro\u00dfz\u00fcgigkeit und Abneigungen<\/p>\n","protected":false},"excerpt":{"rendered":"<p>Adler Bachbl\u00fcten Beech Tropfen 30 ml sind Teil der &#8222;Zweiten Neunzehn&#8220; Bachbl\u00fctenessenzen, die mit Gem\u00fctszust\u00e4nden verwandt sind und sich auf allt\u00e4gliche Situationen beziehen. Beech Tropfen eignen sich zur unterst\u00fctzenden Behandlung bei \u00fcbertriebener Toleranz als Kompensation und Verdr\u00e4ngung einer tiefsitzenden Intoleranz, Allergien, \u00fcbertriebener Gro\u00dfz\u00fcgigkeit und Abneigungen<\/p>\n","protected":false},"featured_media":84908,"template":"","meta":{"_acf_changed":false},"product_brand":[928],"product_cat":[801],"product_tag":[],"class_list":{"0":"post-84906","1":"product","2":"type-product","3":"status-publish","4":"has-post-thumbnail","6":"product_brand-adler-pharma","7":"product_cat-a","8":"pa_packungsgroesse-30ml","10":"first","11":"instock","12":"shipping-taxable","13":"purchasable","14":"product-type-simple"},"acf":[],"_links":{"self":[{"href":"https:\/\/www.ernstbrunn-apotheke.at\/katalog\/wp-json\/wp\/v2\/product\/84906","targetHints":{"allow":["GET"]}}],"collection":[{"href":"https:\/\/www.ernstbrunn-apotheke.at\/katalog\/wp-json\/wp\/v2\/product"}],"about":[{"href":"https:\/\/www.ernstbrunn-apotheke.at\/katalog\/wp-json\/wp\/v2\/types\/product"}],"wp:featuredmedia":[{"embeddable":true,"href":"https:\/\/www.ernstbrunn-apotheke.at\/katalog\/wp-json\/wp\/v2\/media\/84908"}],"wp:attachment":[{"href":"https:\/\/www.ernstbrunn-apotheke.at\/katalog\/wp-json\/wp\/v2\/media?parent=84906"}],"wp:term":[{"taxonomy":"product_brand","embeddable":true,"href":"https:\/\/www.ernstbrunn-apotheke.at\/katalog\/wp-json\/wp\/v2\/product_brand?post=84906"},{"taxonomy":"product_cat","embeddable":true,"href":"https:\/\/www.ernstbrunn-apotheke.at\/katalog\/wp-json\/wp\/v2\/product_cat?post=84906"},{"taxonomy":"product_tag","embeddable":true,"href":"https:\/\/www.ernstbrunn-apotheke.at\/katalog\/wp-json\/wp\/v2\/product_tag?post=84906"}],"curies":[{"name":"wp","href":"https:\/\/api.w.org\/{rel}","templated":true}]}}