{"id":84859,"date":"2025-11-12T01:25:09","date_gmt":"2025-11-12T00:25:09","guid":{"rendered":"https:\/\/www.ernstbrunn-apotheke.at\/katalog\/produkt\/tepe-dental-tape-40m-1-stk\/"},"modified":"2025-12-08T19:43:38","modified_gmt":"2025-12-08T18:43:38","slug":"tepe-dental-tape-40m-1-stk","status":"publish","type":"product","link":"https:\/\/www.ernstbrunn-apotheke.at\/katalog\/produkt\/tepe-dental-tape-40m-1-stk\/","title":{"rendered":"TePe Dental Tape 40M 1 Stk."},"content":{"rendered":"<p>Dieses Plantur 49 Produkt ist eine besonders reichhaltige K\u00f6rperlotion, die den ph-Wert der Haut auf einen jugendlichen Wert korrigiert. Bei regelm\u00e4\u00dfiger Anwendung erreichen Sie schnell ein sp\u00fcrbar geschmeidigeres Hautbild und eine deutlich st\u00e4rkere Hautbarriere, die die Haut optimal vor Irritationen sch\u00fctzt. Das Ergebnis ist eine ges\u00fcnder aussehende Haut und jugendlicheres Aussehen &#8211; jetzt online g\u00fcnstig bestellen und bequem in unserer Apotheke abholen!<\/p>\n","protected":false},"excerpt":{"rendered":"<p>Dieses Plantur 49 Produkt ist eine besonders reichhaltige K\u00f6rperlotion, die den ph-Wert der Haut auf einen jugendlichen Wert korrigiert. Bei regelm\u00e4\u00dfiger Anwendung erreichen Sie schnell ein sp\u00fcrbar geschmeidigeres Hautbild und eine deutlich st\u00e4rkere Hautbarriere, die die Haut optimal vor Irritationen sch\u00fctzt. Das Ergebnis ist eine ges\u00fcnder aussehende Haut und jugendlicheres Aussehen &#8211; jetzt online g\u00fcnstig [&hellip;]<\/p>\n","protected":false},"featured_media":84861,"template":"","meta":{"_acf_changed":false},"product_brand":[881],"product_cat":[798],"product_tag":[],"class_list":{"0":"post-84859","1":"product","2":"type-product","3":"status-publish","4":"has-post-thumbnail","6":"product_brand-tepe","7":"product_cat-t","8":"pa_packungsgroesse-1-stueck","10":"first","11":"instock","12":"shipping-taxable","13":"purchasable","14":"product-type-simple"},"acf":[],"_links":{"self":[{"href":"https:\/\/www.ernstbrunn-apotheke.at\/katalog\/wp-json\/wp\/v2\/product\/84859","targetHints":{"allow":["GET"]}}],"collection":[{"href":"https:\/\/www.ernstbrunn-apotheke.at\/katalog\/wp-json\/wp\/v2\/product"}],"about":[{"href":"https:\/\/www.ernstbrunn-apotheke.at\/katalog\/wp-json\/wp\/v2\/types\/product"}],"wp:featuredmedia":[{"embeddable":true,"href":"https:\/\/www.ernstbrunn-apotheke.at\/katalog\/wp-json\/wp\/v2\/media\/84861"}],"wp:attachment":[{"href":"https:\/\/www.ernstbrunn-apotheke.at\/katalog\/wp-json\/wp\/v2\/media?parent=84859"}],"wp:term":[{"taxonomy":"product_brand","embeddable":true,"href":"https:\/\/www.ernstbrunn-apotheke.at\/katalog\/wp-json\/wp\/v2\/product_brand?post=84859"},{"taxonomy":"product_cat","embeddable":true,"href":"https:\/\/www.ernstbrunn-apotheke.at\/katalog\/wp-json\/wp\/v2\/product_cat?post=84859"},{"taxonomy":"product_tag","embeddable":true,"href":"https:\/\/www.ernstbrunn-apotheke.at\/katalog\/wp-json\/wp\/v2\/product_tag?post=84859"}],"curies":[{"name":"wp","href":"https:\/\/api.w.org\/{rel}","templated":true}]}}