{"id":84761,"date":"2025-11-12T01:23:16","date_gmt":"2025-11-12T00:23:16","guid":{"rendered":"https:\/\/www.ernstbrunn-apotheke.at\/katalog\/produkt\/amla-oel-bio-haarbalsam-100-ml\/"},"modified":"2025-12-08T19:42:56","modified_gmt":"2025-12-08T18:42:56","slug":"amla-oel-bio-haarbalsam-100-ml","status":"publish","type":"product","link":"https:\/\/www.ernstbrunn-apotheke.at\/katalog\/produkt\/amla-oel-bio-haarbalsam-100-ml\/","title":{"rendered":"Amla \u00d6l Bio Haarbalsam 100 ml"},"content":{"rendered":"<p>Amla \u00d6l Bio Haarbalsam ist vollkommen nat\u00fcrlich und beinhaltet wichtige Fetts\u00e4uren, die zur St\u00e4rkung des Haares beitragen und seine Qualit\u00e4t verbessern. Neben den Fetts\u00e4uren ist das \u00d6l auch reich an Vitamin C, Vitamin A, Potasium, Eisen, Karbohydrate und Mineralien. Es reduziert zudem die Anf\u00e4lligkeit gegen\u00fcber Kahlk\u00f6pfigkeit und Haarausfall  jetzt mit hohem Rabatt bestellen!<\/p>\n","protected":false},"excerpt":{"rendered":"<p>Amla \u00d6l Bio Haarbalsam ist vollkommen nat\u00fcrlich und beinhaltet wichtige Fetts\u00e4uren, die zur St\u00e4rkung des Haares beitragen und seine Qualit\u00e4t verbessern. Neben den Fetts\u00e4uren ist das \u00d6l auch reich an Vitamin C, Vitamin A, Potasium, Eisen, Karbohydrate und Mineralien. Es reduziert zudem die Anf\u00e4lligkeit gegen\u00fcber Kahlk\u00f6pfigkeit und Haarausfall jetzt mit hohem Rabatt bestellen!<\/p>\n","protected":false},"featured_media":84763,"template":"","meta":{"_acf_changed":false},"product_brand":[],"product_cat":[801],"product_tag":[],"class_list":{"0":"post-84761","1":"product","2":"type-product","3":"status-publish","4":"has-post-thumbnail","6":"product_cat-a","7":"pa_packungsgroesse-100ml","9":"first","10":"instock","11":"shipping-taxable","12":"purchasable","13":"product-type-simple"},"acf":[],"_links":{"self":[{"href":"https:\/\/www.ernstbrunn-apotheke.at\/katalog\/wp-json\/wp\/v2\/product\/84761","targetHints":{"allow":["GET"]}}],"collection":[{"href":"https:\/\/www.ernstbrunn-apotheke.at\/katalog\/wp-json\/wp\/v2\/product"}],"about":[{"href":"https:\/\/www.ernstbrunn-apotheke.at\/katalog\/wp-json\/wp\/v2\/types\/product"}],"wp:featuredmedia":[{"embeddable":true,"href":"https:\/\/www.ernstbrunn-apotheke.at\/katalog\/wp-json\/wp\/v2\/media\/84763"}],"wp:attachment":[{"href":"https:\/\/www.ernstbrunn-apotheke.at\/katalog\/wp-json\/wp\/v2\/media?parent=84761"}],"wp:term":[{"taxonomy":"product_brand","embeddable":true,"href":"https:\/\/www.ernstbrunn-apotheke.at\/katalog\/wp-json\/wp\/v2\/product_brand?post=84761"},{"taxonomy":"product_cat","embeddable":true,"href":"https:\/\/www.ernstbrunn-apotheke.at\/katalog\/wp-json\/wp\/v2\/product_cat?post=84761"},{"taxonomy":"product_tag","embeddable":true,"href":"https:\/\/www.ernstbrunn-apotheke.at\/katalog\/wp-json\/wp\/v2\/product_tag?post=84761"}],"curies":[{"name":"wp","href":"https:\/\/api.w.org\/{rel}","templated":true}]}}