{"id":84755,"date":"2025-11-12T01:23:16","date_gmt":"2025-11-12T00:23:16","guid":{"rendered":"https:\/\/www.ernstbrunn-apotheke.at\/katalog\/produkt\/otodolor-ohrentropfen\/"},"modified":"2025-12-08T19:42:52","modified_gmt":"2025-12-08T18:42:52","slug":"otodolor-ohrentropfen","status":"publish","type":"product","link":"https:\/\/www.ernstbrunn-apotheke.at\/katalog\/produkt\/otodolor-ohrentropfen\/","title":{"rendered":"Otodolor Ohrentropfen"},"content":{"rendered":"<p>Otodolor\u00ae Forte Ohrentropfen helfen schmerzverursachende Schwellungen im \u00e4u\u00dferen Geh\u00f6rgang zu lindern und sind dabei gut vertr\u00e4glich.<\/p>\n","protected":false},"excerpt":{"rendered":"<p>Otodolor\u00ae Forte Ohrentropfen helfen schmerzverursachende Schwellungen im \u00e4u\u00dferen Geh\u00f6rgang zu lindern und sind dabei gut vertr\u00e4glich.<\/p>\n","protected":false},"featured_media":84757,"template":"","meta":{"_acf_changed":false},"product_brand":[],"product_cat":[819],"product_tag":[],"class_list":{"0":"post-84755","1":"product","2":"type-product","3":"status-publish","4":"has-post-thumbnail","6":"product_cat-o","7":"pa_packungsgroesse-7g","9":"first","10":"instock","11":"shipping-taxable","12":"purchasable","13":"product-type-simple"},"acf":[],"_links":{"self":[{"href":"https:\/\/www.ernstbrunn-apotheke.at\/katalog\/wp-json\/wp\/v2\/product\/84755","targetHints":{"allow":["GET"]}}],"collection":[{"href":"https:\/\/www.ernstbrunn-apotheke.at\/katalog\/wp-json\/wp\/v2\/product"}],"about":[{"href":"https:\/\/www.ernstbrunn-apotheke.at\/katalog\/wp-json\/wp\/v2\/types\/product"}],"wp:featuredmedia":[{"embeddable":true,"href":"https:\/\/www.ernstbrunn-apotheke.at\/katalog\/wp-json\/wp\/v2\/media\/84757"}],"wp:attachment":[{"href":"https:\/\/www.ernstbrunn-apotheke.at\/katalog\/wp-json\/wp\/v2\/media?parent=84755"}],"wp:term":[{"taxonomy":"product_brand","embeddable":true,"href":"https:\/\/www.ernstbrunn-apotheke.at\/katalog\/wp-json\/wp\/v2\/product_brand?post=84755"},{"taxonomy":"product_cat","embeddable":true,"href":"https:\/\/www.ernstbrunn-apotheke.at\/katalog\/wp-json\/wp\/v2\/product_cat?post=84755"},{"taxonomy":"product_tag","embeddable":true,"href":"https:\/\/www.ernstbrunn-apotheke.at\/katalog\/wp-json\/wp\/v2\/product_tag?post=84755"}],"curies":[{"name":"wp","href":"https:\/\/api.w.org\/{rel}","templated":true}]}}