{"id":84721,"date":"2025-11-12T01:22:33","date_gmt":"2025-11-12T00:22:33","guid":{"rendered":"https:\/\/www.ernstbrunn-apotheke.at\/katalog\/produkt\/allergika-lipolotion-urea-5-200-ml\/"},"modified":"2025-12-08T19:42:37","modified_gmt":"2025-12-08T18:42:37","slug":"allergika-lipolotion-urea-5-200-ml","status":"publish","type":"product","link":"https:\/\/www.ernstbrunn-apotheke.at\/katalog\/produkt\/allergika-lipolotion-urea-5-200-ml\/","title":{"rendered":"Allergika Lipolotion Urea 5% 200 ml"},"content":{"rendered":"<p>Allergika Lipolotion Urea 5% bietet optimale Feuchtigkeitsversorgung sehr trockener Haut durch 5% Urea und 5% Glycerin. Naturkosmetik-konforme \u00d6le bieten eine hervorragende R\u00fcckfettung der Haut ohne die Poren zu verschlie\u00dfen. Frei von Mineral\u00f6len. Erh\u00e4ltlich in den Packungsgr\u00f6\u00dfen 200ml und 500ml.<\/p>\n","protected":false},"excerpt":{"rendered":"<p>Allergika Lipolotion Urea 5% bietet optimale Feuchtigkeitsversorgung sehr trockener Haut durch 5% Urea und 5% Glycerin. Naturkosmetik-konforme \u00d6le bieten eine hervorragende R\u00fcckfettung der Haut ohne die Poren zu verschlie\u00dfen. Frei von Mineral\u00f6len. Erh\u00e4ltlich in den Packungsgr\u00f6\u00dfen 200ml und 500ml.<\/p>\n","protected":false},"featured_media":84723,"template":"","meta":{"_acf_changed":false},"product_brand":[396],"product_cat":[801],"product_tag":[],"class_list":{"0":"post-84721","1":"product","2":"type-product","3":"status-publish","4":"has-post-thumbnail","6":"product_brand-allergika","7":"product_cat-a","8":"pa_packungsgroesse-200ml","10":"first","11":"instock","12":"shipping-taxable","13":"purchasable","14":"product-type-simple"},"acf":[],"_links":{"self":[{"href":"https:\/\/www.ernstbrunn-apotheke.at\/katalog\/wp-json\/wp\/v2\/product\/84721","targetHints":{"allow":["GET"]}}],"collection":[{"href":"https:\/\/www.ernstbrunn-apotheke.at\/katalog\/wp-json\/wp\/v2\/product"}],"about":[{"href":"https:\/\/www.ernstbrunn-apotheke.at\/katalog\/wp-json\/wp\/v2\/types\/product"}],"wp:featuredmedia":[{"embeddable":true,"href":"https:\/\/www.ernstbrunn-apotheke.at\/katalog\/wp-json\/wp\/v2\/media\/84723"}],"wp:attachment":[{"href":"https:\/\/www.ernstbrunn-apotheke.at\/katalog\/wp-json\/wp\/v2\/media?parent=84721"}],"wp:term":[{"taxonomy":"product_brand","embeddable":true,"href":"https:\/\/www.ernstbrunn-apotheke.at\/katalog\/wp-json\/wp\/v2\/product_brand?post=84721"},{"taxonomy":"product_cat","embeddable":true,"href":"https:\/\/www.ernstbrunn-apotheke.at\/katalog\/wp-json\/wp\/v2\/product_cat?post=84721"},{"taxonomy":"product_tag","embeddable":true,"href":"https:\/\/www.ernstbrunn-apotheke.at\/katalog\/wp-json\/wp\/v2\/product_tag?post=84721"}],"curies":[{"name":"wp","href":"https:\/\/api.w.org\/{rel}","templated":true}]}}