{"id":84679,"date":"2025-11-12T01:21:46","date_gmt":"2025-11-12T00:21:46","guid":{"rendered":"https:\/\/www.ernstbrunn-apotheke.at\/katalog\/produkt\/healing-herbs-centaury-30-ml\/"},"modified":"2025-12-08T19:42:06","modified_gmt":"2025-12-08T18:42:06","slug":"healing-herbs-centaury-30-ml","status":"publish","type":"product","link":"https:\/\/www.ernstbrunn-apotheke.at\/katalog\/produkt\/healing-herbs-centaury-30-ml\/","title":{"rendered":"Healing Herbs Centaury 30 ml"},"content":{"rendered":"<p>Healing Herbs Centaury wird besonders bei allen krankhaften St\u00f6rungen empfohlen, die mit krankhafter Gutm\u00fctigkeit oder Unterw\u00fcrfigkeit einhergehen oder davon ausgel\u00f6st wurden. So wird dieses Produkt im t\u00e4glichen Leben bei Sch\u00fcchternheit, \u00fcbertriebener Gutm\u00fctigkeit oder Nachgiebigkeit eingesetzt.<\/p>\n","protected":false},"excerpt":{"rendered":"<p>Healing Herbs Centaury wird besonders bei allen krankhaften St\u00f6rungen empfohlen, die mit krankhafter Gutm\u00fctigkeit oder Unterw\u00fcrfigkeit einhergehen oder davon ausgel\u00f6st wurden. So wird dieses Produkt im t\u00e4glichen Leben bei Sch\u00fcchternheit, \u00fcbertriebener Gutm\u00fctigkeit oder Nachgiebigkeit eingesetzt.<\/p>\n","protected":false},"featured_media":0,"template":"","meta":{"_acf_changed":false},"product_brand":[927],"product_cat":[805],"product_tag":[],"class_list":{"0":"post-84679","1":"product","2":"type-product","3":"status-publish","5":"product_brand-healing-herbs","6":"product_cat-h","7":"pa_packungsgroesse-30ml","9":"first","10":"instock","11":"shipping-taxable","12":"purchasable","13":"product-type-simple"},"acf":[],"_links":{"self":[{"href":"https:\/\/www.ernstbrunn-apotheke.at\/katalog\/wp-json\/wp\/v2\/product\/84679","targetHints":{"allow":["GET"]}}],"collection":[{"href":"https:\/\/www.ernstbrunn-apotheke.at\/katalog\/wp-json\/wp\/v2\/product"}],"about":[{"href":"https:\/\/www.ernstbrunn-apotheke.at\/katalog\/wp-json\/wp\/v2\/types\/product"}],"wp:attachment":[{"href":"https:\/\/www.ernstbrunn-apotheke.at\/katalog\/wp-json\/wp\/v2\/media?parent=84679"}],"wp:term":[{"taxonomy":"product_brand","embeddable":true,"href":"https:\/\/www.ernstbrunn-apotheke.at\/katalog\/wp-json\/wp\/v2\/product_brand?post=84679"},{"taxonomy":"product_cat","embeddable":true,"href":"https:\/\/www.ernstbrunn-apotheke.at\/katalog\/wp-json\/wp\/v2\/product_cat?post=84679"},{"taxonomy":"product_tag","embeddable":true,"href":"https:\/\/www.ernstbrunn-apotheke.at\/katalog\/wp-json\/wp\/v2\/product_tag?post=84679"}],"curies":[{"name":"wp","href":"https:\/\/api.w.org\/{rel}","templated":true}]}}