{"id":8462,"date":"2025-11-07T13:42:33","date_gmt":"2025-11-07T12:42:33","guid":{"rendered":"https:\/\/www.ernstbrunn-apotheke.at\/katalog\/produkt\/systane-lid-care-reinigungspads\/"},"modified":"2025-12-08T13:25:40","modified_gmt":"2025-12-08T12:25:40","slug":"systane-lid-care-reinigungspads","status":"publish","type":"product","link":"https:\/\/www.ernstbrunn-apotheke.at\/katalog\/produkt\/systane-lid-care-reinigungspads\/","title":{"rendered":"Systane Lid Care Reinigungspads"},"content":{"rendered":"<p>Systane Lid Care Reinigungspads sind sterile Reinigungspads zur sanften Entfernung von Augen-Make-up und f\u00fcr die t\u00e4gliche Hygiene der Augenlider. Die vorbefeuchteten Pads entfernen Verkrustungen und Make-up, die Reinigung hervorrufen k\u00f6nnen. Die Pads sind einzeln verpackt und somit auch f\u00fcr unterwegs bestens geeignet.<\/p>\n","protected":false},"excerpt":{"rendered":"<p>Systane Lid Care Reinigungspads sind sterile Reinigungspads zur sanften Entfernung von Augen-Make-up und f\u00fcr die t\u00e4gliche Hygiene der Augenlider. Die vorbefeuchteten Pads entfernen Verkrustungen und Make-up, die Reinigung hervorrufen k\u00f6nnen. Die Pads sind einzeln verpackt und somit auch f\u00fcr unterwegs bestens geeignet.<\/p>\n","protected":false},"featured_media":8464,"template":"","meta":{"_acf_changed":false},"product_brand":[],"product_cat":[791],"product_tag":[],"class_list":{"0":"post-8462","1":"product","2":"type-product","3":"status-publish","4":"has-post-thumbnail","6":"product_cat-s","7":"pa_packungsgroesse-30-stueck","9":"first","10":"instock","11":"shipping-taxable","12":"purchasable","13":"product-type-simple"},"acf":[],"_links":{"self":[{"href":"https:\/\/www.ernstbrunn-apotheke.at\/katalog\/wp-json\/wp\/v2\/product\/8462","targetHints":{"allow":["GET"]}}],"collection":[{"href":"https:\/\/www.ernstbrunn-apotheke.at\/katalog\/wp-json\/wp\/v2\/product"}],"about":[{"href":"https:\/\/www.ernstbrunn-apotheke.at\/katalog\/wp-json\/wp\/v2\/types\/product"}],"wp:featuredmedia":[{"embeddable":true,"href":"https:\/\/www.ernstbrunn-apotheke.at\/katalog\/wp-json\/wp\/v2\/media\/8464"}],"wp:attachment":[{"href":"https:\/\/www.ernstbrunn-apotheke.at\/katalog\/wp-json\/wp\/v2\/media?parent=8462"}],"wp:term":[{"taxonomy":"product_brand","embeddable":true,"href":"https:\/\/www.ernstbrunn-apotheke.at\/katalog\/wp-json\/wp\/v2\/product_brand?post=8462"},{"taxonomy":"product_cat","embeddable":true,"href":"https:\/\/www.ernstbrunn-apotheke.at\/katalog\/wp-json\/wp\/v2\/product_cat?post=8462"},{"taxonomy":"product_tag","embeddable":true,"href":"https:\/\/www.ernstbrunn-apotheke.at\/katalog\/wp-json\/wp\/v2\/product_tag?post=8462"}],"curies":[{"name":"wp","href":"https:\/\/api.w.org\/{rel}","templated":true}]}}