{"id":84565,"date":"2025-11-12T01:19:25","date_gmt":"2025-11-12T00:19:25","guid":{"rendered":"https:\/\/www.ernstbrunn-apotheke.at\/katalog\/produkt\/adler-bachblueten-vervain-tropfen-10-ml\/"},"modified":"2025-12-08T19:41:19","modified_gmt":"2025-12-08T18:41:19","slug":"adler-bachblueten-vervain-tropfen-10-ml","status":"publish","type":"product","link":"https:\/\/www.ernstbrunn-apotheke.at\/katalog\/produkt\/adler-bachblueten-vervain-tropfen-10-ml\/","title":{"rendered":"Adler Bachbl\u00fcten Vervain Tropfen 10 ml"},"content":{"rendered":"<p>Adler Bachbl\u00fcten Vervain Tropfen 10 ml sind Teil der &#8222;Ersten Zw\u00f6lf&#8220; Bachbl\u00fcten und beschreiben, was f\u00fcr ein Typ Mensch Sie sind. Vervain Tropfen eignen sich f\u00fcr Menschen, die anderen ihre \u00dcberzeugungen mit missionarischem Eifer aufdr\u00e4ngen und k\u00f6nnen bei der Reduktion von Aufdringlichkeit, \u00fcbertriebenem Enthusiasmus, Vorurteilen, Stress, Nervosit\u00e4t und Anspannung unterst\u00fctzend wirken &#8211; jetzt alle Bachbl\u00fctenessenzen von Adler zu g\u00fcnstigen Preisen online bestellen!<\/p>\n","protected":false},"excerpt":{"rendered":"<p>Adler Bachbl\u00fcten Vervain Tropfen 10 ml sind Teil der &#8222;Ersten Zw\u00f6lf&#8220; Bachbl\u00fcten und beschreiben, was f\u00fcr ein Typ Mensch Sie sind. Vervain Tropfen eignen sich f\u00fcr Menschen, die anderen ihre \u00dcberzeugungen mit missionarischem Eifer aufdr\u00e4ngen und k\u00f6nnen bei der Reduktion von Aufdringlichkeit, \u00fcbertriebenem Enthusiasmus, Vorurteilen, Stress, Nervosit\u00e4t und Anspannung unterst\u00fctzend wirken &#8211; jetzt alle Bachbl\u00fctenessenzen [&hellip;]<\/p>\n","protected":false},"featured_media":84567,"template":"","meta":{"_acf_changed":false},"product_brand":[928],"product_cat":[801],"product_tag":[],"class_list":{"0":"post-84565","1":"product","2":"type-product","3":"status-publish","4":"has-post-thumbnail","6":"product_brand-adler-pharma","7":"product_cat-a","8":"pa_packungsgroesse-10ml","10":"first","11":"instock","12":"shipping-taxable","13":"purchasable","14":"product-type-simple"},"acf":[],"_links":{"self":[{"href":"https:\/\/www.ernstbrunn-apotheke.at\/katalog\/wp-json\/wp\/v2\/product\/84565","targetHints":{"allow":["GET"]}}],"collection":[{"href":"https:\/\/www.ernstbrunn-apotheke.at\/katalog\/wp-json\/wp\/v2\/product"}],"about":[{"href":"https:\/\/www.ernstbrunn-apotheke.at\/katalog\/wp-json\/wp\/v2\/types\/product"}],"wp:featuredmedia":[{"embeddable":true,"href":"https:\/\/www.ernstbrunn-apotheke.at\/katalog\/wp-json\/wp\/v2\/media\/84567"}],"wp:attachment":[{"href":"https:\/\/www.ernstbrunn-apotheke.at\/katalog\/wp-json\/wp\/v2\/media?parent=84565"}],"wp:term":[{"taxonomy":"product_brand","embeddable":true,"href":"https:\/\/www.ernstbrunn-apotheke.at\/katalog\/wp-json\/wp\/v2\/product_brand?post=84565"},{"taxonomy":"product_cat","embeddable":true,"href":"https:\/\/www.ernstbrunn-apotheke.at\/katalog\/wp-json\/wp\/v2\/product_cat?post=84565"},{"taxonomy":"product_tag","embeddable":true,"href":"https:\/\/www.ernstbrunn-apotheke.at\/katalog\/wp-json\/wp\/v2\/product_tag?post=84565"}],"curies":[{"name":"wp","href":"https:\/\/api.w.org\/{rel}","templated":true}]}}