{"id":84521,"date":"2025-11-12T01:18:30","date_gmt":"2025-11-12T00:18:30","guid":{"rendered":"https:\/\/www.ernstbrunn-apotheke.at\/katalog\/produkt\/australische-buschbluetenessenz-sunshine-wattle-15-ml\/"},"modified":"2025-12-08T19:40:57","modified_gmt":"2025-12-08T18:40:57","slug":"australische-buschbluetenessenz-sunshine-wattle-15-ml","status":"publish","type":"product","link":"https:\/\/www.ernstbrunn-apotheke.at\/katalog\/produkt\/australische-buschbluetenessenz-sunshine-wattle-15-ml\/","title":{"rendered":"Australische Buschbl\u00fctenessenz Sunshine Wattle 15 ml"},"content":{"rendered":"<p>Australische Buschbl\u00fctenessenz Sunshine Wattle hilft Menschen, die schwere Zeiten hinter sich haben und in der Vergangenheit feststecken. Sie \u00fcbertragen diese negativen Erfahrungen von dort in die Gegenwart und empfinden ihr Leben nun als schrecklich und voller M\u00fchsal. Die positive Wirkung l\u00e4sst diese Menschen Sch\u00f6nheit, Freude und Aufregung der Gegenwart empfinden und optimistisch in die Zukunft sehen.<\/p>\n","protected":false},"excerpt":{"rendered":"<p>Australische Buschbl\u00fctenessenz Sunshine Wattle hilft Menschen, die schwere Zeiten hinter sich haben und in der Vergangenheit feststecken. Sie \u00fcbertragen diese negativen Erfahrungen von dort in die Gegenwart und empfinden ihr Leben nun als schrecklich und voller M\u00fchsal. Die positive Wirkung l\u00e4sst diese Menschen Sch\u00f6nheit, Freude und Aufregung der Gegenwart empfinden und optimistisch in die Zukunft [&hellip;]<\/p>\n","protected":false},"featured_media":0,"template":"","meta":{"_acf_changed":false},"product_brand":[930],"product_cat":[801],"product_tag":[],"class_list":{"0":"post-84521","1":"product","2":"type-product","3":"status-publish","5":"product_brand-australische-buschblueten","6":"product_cat-a","7":"pa_packungsgroesse-15ml","9":"first","10":"instock","11":"shipping-taxable","12":"purchasable","13":"product-type-simple"},"acf":[],"_links":{"self":[{"href":"https:\/\/www.ernstbrunn-apotheke.at\/katalog\/wp-json\/wp\/v2\/product\/84521","targetHints":{"allow":["GET"]}}],"collection":[{"href":"https:\/\/www.ernstbrunn-apotheke.at\/katalog\/wp-json\/wp\/v2\/product"}],"about":[{"href":"https:\/\/www.ernstbrunn-apotheke.at\/katalog\/wp-json\/wp\/v2\/types\/product"}],"wp:attachment":[{"href":"https:\/\/www.ernstbrunn-apotheke.at\/katalog\/wp-json\/wp\/v2\/media?parent=84521"}],"wp:term":[{"taxonomy":"product_brand","embeddable":true,"href":"https:\/\/www.ernstbrunn-apotheke.at\/katalog\/wp-json\/wp\/v2\/product_brand?post=84521"},{"taxonomy":"product_cat","embeddable":true,"href":"https:\/\/www.ernstbrunn-apotheke.at\/katalog\/wp-json\/wp\/v2\/product_cat?post=84521"},{"taxonomy":"product_tag","embeddable":true,"href":"https:\/\/www.ernstbrunn-apotheke.at\/katalog\/wp-json\/wp\/v2\/product_tag?post=84521"}],"curies":[{"name":"wp","href":"https:\/\/api.w.org\/{rel}","templated":true}]}}