{"id":84514,"date":"2025-11-12T01:18:30","date_gmt":"2025-11-12T00:18:30","guid":{"rendered":"https:\/\/www.ernstbrunn-apotheke.at\/katalog\/produkt\/master-lin-shampoo-reishiginger-150-ml\/"},"modified":"2025-12-08T19:40:54","modified_gmt":"2025-12-08T18:40:54","slug":"master-lin-shampoo-reishiginger-150-ml","status":"publish","type":"product","link":"https:\/\/www.ernstbrunn-apotheke.at\/katalog\/produkt\/master-lin-shampoo-reishiginger-150-ml\/","title":{"rendered":"Master Lin Shampoo Reishi+Ginger 150 ml"},"content":{"rendered":"<p>Shampoo Reishi+Ginger Master Lin kommt vollkommen ohne Parabene und Silikone aus. Stattdessen gl\u00e4nzt es mit seiner Wirkung in Punkten Reinigung, Pflege und Gesundheit. Nicht nur das Haar wird geschmeidig und f\u00fcllig, auch die Kopfhaut erfreut sich an den pflegenden und effektiven Wirkstoffen. Bei sehr fettiger und unreiner Haut kann es auch als Duschgel verwendet werden, w\u00e4hrend es gleichzeitig mit seinem einmaligen Duft f\u00fcr ein herrliches Gef\u00fchl von Frische sorgt.<\/p>\n","protected":false},"excerpt":{"rendered":"<p>Shampoo Reishi+Ginger Master Lin kommt vollkommen ohne Parabene und Silikone aus. Stattdessen gl\u00e4nzt es mit seiner Wirkung in Punkten Reinigung, Pflege und Gesundheit. Nicht nur das Haar wird geschmeidig und f\u00fcllig, auch die Kopfhaut erfreut sich an den pflegenden und effektiven Wirkstoffen. Bei sehr fettiger und unreiner Haut kann es auch als Duschgel verwendet werden, [&hellip;]<\/p>\n","protected":false},"featured_media":84516,"template":"","meta":{"_acf_changed":false},"product_brand":[],"product_cat":[800],"product_tag":[],"class_list":{"0":"post-84514","1":"product","2":"type-product","3":"status-publish","4":"has-post-thumbnail","6":"product_cat-m","7":"pa_packungsgroesse-150ml","9":"first","10":"instock","11":"shipping-taxable","12":"purchasable","13":"product-type-simple"},"acf":[],"_links":{"self":[{"href":"https:\/\/www.ernstbrunn-apotheke.at\/katalog\/wp-json\/wp\/v2\/product\/84514","targetHints":{"allow":["GET"]}}],"collection":[{"href":"https:\/\/www.ernstbrunn-apotheke.at\/katalog\/wp-json\/wp\/v2\/product"}],"about":[{"href":"https:\/\/www.ernstbrunn-apotheke.at\/katalog\/wp-json\/wp\/v2\/types\/product"}],"wp:featuredmedia":[{"embeddable":true,"href":"https:\/\/www.ernstbrunn-apotheke.at\/katalog\/wp-json\/wp\/v2\/media\/84516"}],"wp:attachment":[{"href":"https:\/\/www.ernstbrunn-apotheke.at\/katalog\/wp-json\/wp\/v2\/media?parent=84514"}],"wp:term":[{"taxonomy":"product_brand","embeddable":true,"href":"https:\/\/www.ernstbrunn-apotheke.at\/katalog\/wp-json\/wp\/v2\/product_brand?post=84514"},{"taxonomy":"product_cat","embeddable":true,"href":"https:\/\/www.ernstbrunn-apotheke.at\/katalog\/wp-json\/wp\/v2\/product_cat?post=84514"},{"taxonomy":"product_tag","embeddable":true,"href":"https:\/\/www.ernstbrunn-apotheke.at\/katalog\/wp-json\/wp\/v2\/product_tag?post=84514"}],"curies":[{"name":"wp","href":"https:\/\/api.w.org\/{rel}","templated":true}]}}