{"id":84451,"date":"2025-11-12T01:17:03","date_gmt":"2025-11-12T00:17:03","guid":{"rendered":"https:\/\/www.ernstbrunn-apotheke.at\/katalog\/produkt\/neutrogena-hydro-boost-aqua-reinigungsgel-200-ml\/"},"modified":"2025-12-08T19:40:34","modified_gmt":"2025-12-08T18:40:34","slug":"neutrogena-hydro-boost-aqua-reinigungsgel-200-ml","status":"publish","type":"product","link":"https:\/\/www.ernstbrunn-apotheke.at\/katalog\/produkt\/neutrogena-hydro-boost-aqua-reinigungsgel-200-ml\/","title":{"rendered":"Neutrogena Hydro Boost Aqua Reinigungsgel 200 ml"},"content":{"rendered":"<p>Das Neutrogena Hydro Boost Aqua Reinigungsgel besteht aus einer effektive und leichten Gel-Formulierung mit Hyalurons\u00e4ure und Glycerin und eignet sich ideal zur t\u00e4glichen Gesichtsreinigung von Schmutz, \u00fcbersch\u00fcssigem Talg und Make-Up. Zus\u00e4tlich versorgt es die Haut langanhaltend und intensiv mit Feuchtigkeit, verleiht einen erfrischten und reinen Teint und sorgt f\u00fcr ein sp\u00fcrbar geschmeidiges Hautgef\u00fchl. Das sanfte Reinigungsgel verstopft die Poren nicht und ist auch f\u00fcr sensible Haut geeignet<\/p>\n","protected":false},"excerpt":{"rendered":"<p>Das Neutrogena Hydro Boost Aqua Reinigungsgel besteht aus einer effektive und leichten Gel-Formulierung mit Hyalurons\u00e4ure und Glycerin und eignet sich ideal zur t\u00e4glichen Gesichtsreinigung von Schmutz, \u00fcbersch\u00fcssigem Talg und Make-Up. Zus\u00e4tlich versorgt es die Haut langanhaltend und intensiv mit Feuchtigkeit, verleiht einen erfrischten und reinen Teint und sorgt f\u00fcr ein sp\u00fcrbar geschmeidiges Hautgef\u00fchl. Das sanfte [&hellip;]<\/p>\n","protected":false},"featured_media":84453,"template":"","meta":{"_acf_changed":false},"product_brand":[745],"product_cat":[797],"product_tag":[],"class_list":{"0":"post-84451","1":"product","2":"type-product","3":"status-publish","4":"has-post-thumbnail","6":"product_brand-neutrogena","7":"product_cat-n","8":"pa_packungsgroesse-200ml","10":"first","11":"instock","12":"shipping-taxable","13":"purchasable","14":"product-type-simple"},"acf":[],"_links":{"self":[{"href":"https:\/\/www.ernstbrunn-apotheke.at\/katalog\/wp-json\/wp\/v2\/product\/84451","targetHints":{"allow":["GET"]}}],"collection":[{"href":"https:\/\/www.ernstbrunn-apotheke.at\/katalog\/wp-json\/wp\/v2\/product"}],"about":[{"href":"https:\/\/www.ernstbrunn-apotheke.at\/katalog\/wp-json\/wp\/v2\/types\/product"}],"wp:featuredmedia":[{"embeddable":true,"href":"https:\/\/www.ernstbrunn-apotheke.at\/katalog\/wp-json\/wp\/v2\/media\/84453"}],"wp:attachment":[{"href":"https:\/\/www.ernstbrunn-apotheke.at\/katalog\/wp-json\/wp\/v2\/media?parent=84451"}],"wp:term":[{"taxonomy":"product_brand","embeddable":true,"href":"https:\/\/www.ernstbrunn-apotheke.at\/katalog\/wp-json\/wp\/v2\/product_brand?post=84451"},{"taxonomy":"product_cat","embeddable":true,"href":"https:\/\/www.ernstbrunn-apotheke.at\/katalog\/wp-json\/wp\/v2\/product_cat?post=84451"},{"taxonomy":"product_tag","embeddable":true,"href":"https:\/\/www.ernstbrunn-apotheke.at\/katalog\/wp-json\/wp\/v2\/product_tag?post=84451"}],"curies":[{"name":"wp","href":"https:\/\/api.w.org\/{rel}","templated":true}]}}