{"id":84425,"date":"2025-11-12T01:16:38","date_gmt":"2025-11-12T00:16:38","guid":{"rendered":"https:\/\/www.ernstbrunn-apotheke.at\/katalog\/produkt\/foliodress-maske-comfort-gruen-50-stk\/"},"modified":"2025-12-08T19:40:19","modified_gmt":"2025-12-08T18:40:19","slug":"foliodress-maske-comfort-gruen-50-stk","status":"publish","type":"product","link":"https:\/\/www.ernstbrunn-apotheke.at\/katalog\/produkt\/foliodress-maske-comfort-gruen-50-stk\/","title":{"rendered":"Foliodress Maske Comfort Gr\u00fcn 50 Stk."},"content":{"rendered":"<p>Foliodress Mask Comfort Perfect sind OP-Masken aus hypoallergenen, besonders weichen und geschmeidigen Vliesstoffen mit optimaler Filterleistung und h\u00f6chstem Tragekomfort. Die Masken mit ultraschallverschwei\u00dften B\u00e4ndern eignen sich f\u00fcr normal empfindliche Haut. Sie sind naturlatexfrei, geruchsneutral und enthalten einen langen, integrierten Nasenb\u00fcgel..<\/p>\n","protected":false},"excerpt":{"rendered":"<p>Foliodress Mask Comfort Perfect sind OP-Masken aus hypoallergenen, besonders weichen und geschmeidigen Vliesstoffen mit optimaler Filterleistung und h\u00f6chstem Tragekomfort. Die Masken mit ultraschallverschwei\u00dften B\u00e4ndern eignen sich f\u00fcr normal empfindliche Haut. Sie sind naturlatexfrei, geruchsneutral und enthalten einen langen, integrierten Nasenb\u00fcgel..<\/p>\n","protected":false},"featured_media":84427,"template":"","meta":{"_acf_changed":false},"product_brand":[],"product_cat":[809],"product_tag":[],"class_list":{"0":"post-84425","1":"product","2":"type-product","3":"status-publish","4":"has-post-thumbnail","6":"product_cat-f","7":"pa_packungsgroesse-50-stueck","9":"first","10":"instock","11":"shipping-taxable","12":"purchasable","13":"product-type-simple"},"acf":[],"_links":{"self":[{"href":"https:\/\/www.ernstbrunn-apotheke.at\/katalog\/wp-json\/wp\/v2\/product\/84425","targetHints":{"allow":["GET"]}}],"collection":[{"href":"https:\/\/www.ernstbrunn-apotheke.at\/katalog\/wp-json\/wp\/v2\/product"}],"about":[{"href":"https:\/\/www.ernstbrunn-apotheke.at\/katalog\/wp-json\/wp\/v2\/types\/product"}],"wp:featuredmedia":[{"embeddable":true,"href":"https:\/\/www.ernstbrunn-apotheke.at\/katalog\/wp-json\/wp\/v2\/media\/84427"}],"wp:attachment":[{"href":"https:\/\/www.ernstbrunn-apotheke.at\/katalog\/wp-json\/wp\/v2\/media?parent=84425"}],"wp:term":[{"taxonomy":"product_brand","embeddable":true,"href":"https:\/\/www.ernstbrunn-apotheke.at\/katalog\/wp-json\/wp\/v2\/product_brand?post=84425"},{"taxonomy":"product_cat","embeddable":true,"href":"https:\/\/www.ernstbrunn-apotheke.at\/katalog\/wp-json\/wp\/v2\/product_cat?post=84425"},{"taxonomy":"product_tag","embeddable":true,"href":"https:\/\/www.ernstbrunn-apotheke.at\/katalog\/wp-json\/wp\/v2\/product_tag?post=84425"}],"curies":[{"name":"wp","href":"https:\/\/api.w.org\/{rel}","templated":true}]}}