{"id":84379,"date":"2025-11-12T01:15:36","date_gmt":"2025-11-12T00:15:36","guid":{"rendered":"https:\/\/www.ernstbrunn-apotheke.at\/katalog\/produkt\/darphin-essential-oil-care-aromatic-purifying-balm-15-ml\/"},"modified":"2025-12-08T19:39:57","modified_gmt":"2025-12-08T18:39:57","slug":"darphin-essential-oil-care-aromatic-purifying-balm-15-ml","status":"publish","type":"product","link":"https:\/\/www.ernstbrunn-apotheke.at\/katalog\/produkt\/darphin-essential-oil-care-aromatic-purifying-balm-15-ml\/","title":{"rendered":"Darphin Essential Oil Care Aromatic Purifying Balm 15 ml"},"content":{"rendered":"<p>Der Professional Care Aromatic Purifying Balm von Darphin ist ein intensiv kl\u00e4render Balsam mit \u00e4therischen \u00d6len, die aus Pflanzen gewonnen wurden, welche auch in der Medizin verwendet werden. Au\u00dferdem ist die pflegende Formel mit Gew\u00fcrzen und Bl\u00fcten angereichert. Sie sch\u00fctzt die nat\u00fcrliche Hautbarriere, bindet Feuchtigkeit, reduziert Unreinheiten und vitalisiert Ihre Haut. Ihr Teint sieht feiner, reiner und ebenm\u00e4\u00dfiger aus. Als Maske verwendet beruhigt der Balsam Ihre Haut \u00fcber Nacht.<\/p>\n","protected":false},"excerpt":{"rendered":"<p>Der Professional Care Aromatic Purifying Balm von Darphin ist ein intensiv kl\u00e4render Balsam mit \u00e4therischen \u00d6len, die aus Pflanzen gewonnen wurden, welche auch in der Medizin verwendet werden. Au\u00dferdem ist die pflegende Formel mit Gew\u00fcrzen und Bl\u00fcten angereichert. Sie sch\u00fctzt die nat\u00fcrliche Hautbarriere, bindet Feuchtigkeit, reduziert Unreinheiten und vitalisiert Ihre Haut. Ihr Teint sieht feiner, [&hellip;]<\/p>\n","protected":false},"featured_media":84381,"template":"","meta":{"_acf_changed":false},"product_brand":[],"product_cat":[792],"product_tag":[],"class_list":{"0":"post-84379","1":"product","2":"type-product","3":"status-publish","4":"has-post-thumbnail","6":"product_cat-d","7":"pa_packungsgroesse-15ml","9":"first","10":"instock","11":"shipping-taxable","12":"purchasable","13":"product-type-simple"},"acf":[],"_links":{"self":[{"href":"https:\/\/www.ernstbrunn-apotheke.at\/katalog\/wp-json\/wp\/v2\/product\/84379","targetHints":{"allow":["GET"]}}],"collection":[{"href":"https:\/\/www.ernstbrunn-apotheke.at\/katalog\/wp-json\/wp\/v2\/product"}],"about":[{"href":"https:\/\/www.ernstbrunn-apotheke.at\/katalog\/wp-json\/wp\/v2\/types\/product"}],"wp:featuredmedia":[{"embeddable":true,"href":"https:\/\/www.ernstbrunn-apotheke.at\/katalog\/wp-json\/wp\/v2\/media\/84381"}],"wp:attachment":[{"href":"https:\/\/www.ernstbrunn-apotheke.at\/katalog\/wp-json\/wp\/v2\/media?parent=84379"}],"wp:term":[{"taxonomy":"product_brand","embeddable":true,"href":"https:\/\/www.ernstbrunn-apotheke.at\/katalog\/wp-json\/wp\/v2\/product_brand?post=84379"},{"taxonomy":"product_cat","embeddable":true,"href":"https:\/\/www.ernstbrunn-apotheke.at\/katalog\/wp-json\/wp\/v2\/product_cat?post=84379"},{"taxonomy":"product_tag","embeddable":true,"href":"https:\/\/www.ernstbrunn-apotheke.at\/katalog\/wp-json\/wp\/v2\/product_tag?post=84379"}],"curies":[{"name":"wp","href":"https:\/\/api.w.org\/{rel}","templated":true}]}}