{"id":84352,"date":"2025-11-12T01:15:11","date_gmt":"2025-11-12T00:15:11","guid":{"rendered":"https:\/\/www.ernstbrunn-apotheke.at\/katalog\/produkt\/neosino-yams-kapseln-120-stk\/"},"modified":"2025-12-08T19:39:45","modified_gmt":"2025-12-08T18:39:45","slug":"neosino-yams-kapseln-120-stk","status":"publish","type":"product","link":"https:\/\/www.ernstbrunn-apotheke.at\/katalog\/produkt\/neosino-yams-kapseln-120-stk\/","title":{"rendered":"Neosino Yams Kapseln 120 Stk."},"content":{"rendered":"<p>Die neosino YAMS Kapseln unterst\u00fctzen bei Hormonst\u00f6rungen und in der Menopause, bei Menstruationsbeschwerden, bei Depression und Nervosit\u00e4t und bei Osteoporose. Neosino\u00ae, ein steirisches Unternehmen, entwickelt und vertreibt hochwertige Produkte, basierend auf Silicium, Magnesium und Calcium, welche durch ihre spezielle Technologie in der Zellerneuerung erfolgreich sind.<\/p>\n","protected":false},"excerpt":{"rendered":"<p>Die neosino YAMS Kapseln unterst\u00fctzen bei Hormonst\u00f6rungen und in der Menopause, bei Menstruationsbeschwerden, bei Depression und Nervosit\u00e4t und bei Osteoporose. Neosino\u00ae, ein steirisches Unternehmen, entwickelt und vertreibt hochwertige Produkte, basierend auf Silicium, Magnesium und Calcium, welche durch ihre spezielle Technologie in der Zellerneuerung erfolgreich sind.<\/p>\n","protected":false},"featured_media":84354,"template":"","meta":{"_acf_changed":false},"product_brand":[],"product_cat":[797],"product_tag":[],"class_list":{"0":"post-84352","1":"product","2":"type-product","3":"status-publish","4":"has-post-thumbnail","6":"product_cat-n","7":"pa_packungsgroesse-120-stueck","9":"first","10":"instock","11":"shipping-taxable","12":"purchasable","13":"product-type-simple"},"acf":[],"_links":{"self":[{"href":"https:\/\/www.ernstbrunn-apotheke.at\/katalog\/wp-json\/wp\/v2\/product\/84352","targetHints":{"allow":["GET"]}}],"collection":[{"href":"https:\/\/www.ernstbrunn-apotheke.at\/katalog\/wp-json\/wp\/v2\/product"}],"about":[{"href":"https:\/\/www.ernstbrunn-apotheke.at\/katalog\/wp-json\/wp\/v2\/types\/product"}],"wp:featuredmedia":[{"embeddable":true,"href":"https:\/\/www.ernstbrunn-apotheke.at\/katalog\/wp-json\/wp\/v2\/media\/84354"}],"wp:attachment":[{"href":"https:\/\/www.ernstbrunn-apotheke.at\/katalog\/wp-json\/wp\/v2\/media?parent=84352"}],"wp:term":[{"taxonomy":"product_brand","embeddable":true,"href":"https:\/\/www.ernstbrunn-apotheke.at\/katalog\/wp-json\/wp\/v2\/product_brand?post=84352"},{"taxonomy":"product_cat","embeddable":true,"href":"https:\/\/www.ernstbrunn-apotheke.at\/katalog\/wp-json\/wp\/v2\/product_cat?post=84352"},{"taxonomy":"product_tag","embeddable":true,"href":"https:\/\/www.ernstbrunn-apotheke.at\/katalog\/wp-json\/wp\/v2\/product_tag?post=84352"}],"curies":[{"name":"wp","href":"https:\/\/api.w.org\/{rel}","templated":true}]}}