{"id":84340,"date":"2025-11-12T01:14:56","date_gmt":"2025-11-12T00:14:56","guid":{"rendered":"https:\/\/www.ernstbrunn-apotheke.at\/katalog\/produkt\/st-severin-abfuehrtee-70-g-2\/"},"modified":"2025-12-08T19:39:39","modified_gmt":"2025-12-08T18:39:39","slug":"st-severin-abfuehrtee-70-g-2","status":"publish","type":"product","link":"https:\/\/www.ernstbrunn-apotheke.at\/katalog\/produkt\/st-severin-abfuehrtee-70-g-2\/","title":{"rendered":"St. Severin Abf\u00fchrtee 70 g"},"content":{"rendered":"<p>Abf\u00fchr-T ist ein di\u00e4tetisches Lebensmittel f\u00fcr besondere medizinische Zwecke, das in Form eines Tees zur di\u00e4tetischen Behandlung von erschwerter Darmentleerung nach operativen Eingriffen verwendet werden kann. Der Tee f\u00f6rdert die Verdauung und f\u00fchrt zu einer beschleunigten und erleichterten Darmentleerung.<\/p>\n","protected":false},"excerpt":{"rendered":"<p>Abf\u00fchr-T ist ein di\u00e4tetisches Lebensmittel f\u00fcr besondere medizinische Zwecke, das in Form eines Tees zur di\u00e4tetischen Behandlung von erschwerter Darmentleerung nach operativen Eingriffen verwendet werden kann. Der Tee f\u00f6rdert die Verdauung und f\u00fchrt zu einer beschleunigten und erleichterten Darmentleerung.<\/p>\n","protected":false},"featured_media":84342,"template":"","meta":{"_acf_changed":false},"product_brand":[435],"product_cat":[791],"product_tag":[],"class_list":{"0":"post-84340","1":"product","2":"type-product","3":"status-publish","4":"has-post-thumbnail","6":"product_brand-st-severin","7":"product_cat-s","8":"pa_packungsgroesse-70g","10":"first","11":"instock","12":"shipping-taxable","13":"purchasable","14":"product-type-simple"},"acf":[],"_links":{"self":[{"href":"https:\/\/www.ernstbrunn-apotheke.at\/katalog\/wp-json\/wp\/v2\/product\/84340","targetHints":{"allow":["GET"]}}],"collection":[{"href":"https:\/\/www.ernstbrunn-apotheke.at\/katalog\/wp-json\/wp\/v2\/product"}],"about":[{"href":"https:\/\/www.ernstbrunn-apotheke.at\/katalog\/wp-json\/wp\/v2\/types\/product"}],"wp:featuredmedia":[{"embeddable":true,"href":"https:\/\/www.ernstbrunn-apotheke.at\/katalog\/wp-json\/wp\/v2\/media\/84342"}],"wp:attachment":[{"href":"https:\/\/www.ernstbrunn-apotheke.at\/katalog\/wp-json\/wp\/v2\/media?parent=84340"}],"wp:term":[{"taxonomy":"product_brand","embeddable":true,"href":"https:\/\/www.ernstbrunn-apotheke.at\/katalog\/wp-json\/wp\/v2\/product_brand?post=84340"},{"taxonomy":"product_cat","embeddable":true,"href":"https:\/\/www.ernstbrunn-apotheke.at\/katalog\/wp-json\/wp\/v2\/product_cat?post=84340"},{"taxonomy":"product_tag","embeddable":true,"href":"https:\/\/www.ernstbrunn-apotheke.at\/katalog\/wp-json\/wp\/v2\/product_tag?post=84340"}],"curies":[{"name":"wp","href":"https:\/\/api.w.org\/{rel}","templated":true}]}}