{"id":84336,"date":"2025-11-12T01:14:44","date_gmt":"2025-11-12T00:14:44","guid":{"rendered":"https:\/\/www.ernstbrunn-apotheke.at\/katalog\/produkt\/vita-lemon-12x10ml-120-ml\/"},"modified":"2025-12-08T19:39:36","modified_gmt":"2025-12-08T18:39:36","slug":"vita-lemon-12x10ml-120-ml","status":"publish","type":"product","link":"https:\/\/www.ernstbrunn-apotheke.at\/katalog\/produkt\/vita-lemon-12x10ml-120-ml\/","title":{"rendered":"Vita Lemon 12x10ml 120 ml"},"content":{"rendered":"<p>Vita Lemon 12x10ml ist ein Nahrungserg\u00e4nzungsmittel mit Vitamin C, einem Auszug der Ginsengwurzel und nat\u00fcrlichen Fruchtausz\u00fcgen. Wenn k\u00f6rperliche und geistige Belastungen das Ruder des K\u00f6rpers \u00fcbernehmen wollen, ist eine ausreichende Vitamin- und Energiezufuhr wichtig .<\/p>\n","protected":false},"excerpt":{"rendered":"<p>Vita Lemon 12x10ml ist ein Nahrungserg\u00e4nzungsmittel mit Vitamin C, einem Auszug der Ginsengwurzel und nat\u00fcrlichen Fruchtausz\u00fcgen. Wenn k\u00f6rperliche und geistige Belastungen das Ruder des K\u00f6rpers \u00fcbernehmen wollen, ist eine ausreichende Vitamin- und Energiezufuhr wichtig .<\/p>\n","protected":false},"featured_media":0,"template":"","meta":{"_acf_changed":false},"product_brand":[],"product_cat":[799],"product_tag":[],"class_list":{"0":"post-84336","1":"product","2":"type-product","3":"status-publish","5":"product_cat-v","6":"pa_packungsgroesse-12-stueck","8":"first","9":"instock","10":"shipping-taxable","11":"purchasable","12":"product-type-simple"},"acf":[],"_links":{"self":[{"href":"https:\/\/www.ernstbrunn-apotheke.at\/katalog\/wp-json\/wp\/v2\/product\/84336","targetHints":{"allow":["GET"]}}],"collection":[{"href":"https:\/\/www.ernstbrunn-apotheke.at\/katalog\/wp-json\/wp\/v2\/product"}],"about":[{"href":"https:\/\/www.ernstbrunn-apotheke.at\/katalog\/wp-json\/wp\/v2\/types\/product"}],"wp:attachment":[{"href":"https:\/\/www.ernstbrunn-apotheke.at\/katalog\/wp-json\/wp\/v2\/media?parent=84336"}],"wp:term":[{"taxonomy":"product_brand","embeddable":true,"href":"https:\/\/www.ernstbrunn-apotheke.at\/katalog\/wp-json\/wp\/v2\/product_brand?post=84336"},{"taxonomy":"product_cat","embeddable":true,"href":"https:\/\/www.ernstbrunn-apotheke.at\/katalog\/wp-json\/wp\/v2\/product_cat?post=84336"},{"taxonomy":"product_tag","embeddable":true,"href":"https:\/\/www.ernstbrunn-apotheke.at\/katalog\/wp-json\/wp\/v2\/product_tag?post=84336"}],"curies":[{"name":"wp","href":"https:\/\/api.w.org\/{rel}","templated":true}]}}