{"id":84228,"date":"2025-11-12T01:12:29","date_gmt":"2025-11-12T00:12:29","guid":{"rendered":"https:\/\/www.ernstbrunn-apotheke.at\/katalog\/produkt\/kalium-400mg-kapseln-2\/"},"modified":"2025-12-08T19:38:48","modified_gmt":"2025-12-08T18:38:48","slug":"kalium-400mg-kapseln-2","status":"publish","type":"product","link":"https:\/\/www.ernstbrunn-apotheke.at\/katalog\/produkt\/kalium-400mg-kapseln-2\/","title":{"rendered":"Kalium 400mg Kapseln"},"content":{"rendered":"<p>Gall Pharma Kalium Kapseln 200 mg 180 Stk. sind eine sinnvolle Nahrungserg\u00e4nzung bei sehr einseitiger Ern\u00e4hrung, bei zu hohem Salz- oder Alkoholkonsum, bei Magnesiummangel oder Stress, bei Erbrechen und schweren Durchf\u00e4llen sowie bei entz\u00fcndlichen Darmkrankheiten oder Gastroenteritis. Kalium tr\u00e4gt zu einer normalen Funktion des Nervensystems, zu einer normalen Muskelfunktion und zur Aufrechterhaltung eines normalen Blutdrucks bei &#8211; als Standortapotheke bieten wir Ihnen 100 % Sicherheit und ausschlie\u00dflich Originalprodukte!<\/p>\n","protected":false},"excerpt":{"rendered":"<p>Gall Pharma Kalium Kapseln 200 mg 180 Stk. sind eine sinnvolle Nahrungserg\u00e4nzung bei sehr einseitiger Ern\u00e4hrung, bei zu hohem Salz- oder Alkoholkonsum, bei Magnesiummangel oder Stress, bei Erbrechen und schweren Durchf\u00e4llen sowie bei entz\u00fcndlichen Darmkrankheiten oder Gastroenteritis. Kalium tr\u00e4gt zu einer normalen Funktion des Nervensystems, zu einer normalen Muskelfunktion und zur Aufrechterhaltung eines normalen Blutdrucks [&hellip;]<\/p>\n","protected":false},"featured_media":84230,"template":"","meta":{"_acf_changed":false},"product_brand":[371],"product_cat":[807],"product_tag":[],"class_list":{"0":"post-84228","1":"product","2":"type-product","3":"status-publish","4":"has-post-thumbnail","6":"product_brand-gall-pharma","7":"product_cat-k","8":"pa_packungsgroesse-180-stueck","10":"first","11":"instock","12":"shipping-taxable","13":"purchasable","14":"product-type-simple"},"acf":[],"_links":{"self":[{"href":"https:\/\/www.ernstbrunn-apotheke.at\/katalog\/wp-json\/wp\/v2\/product\/84228","targetHints":{"allow":["GET"]}}],"collection":[{"href":"https:\/\/www.ernstbrunn-apotheke.at\/katalog\/wp-json\/wp\/v2\/product"}],"about":[{"href":"https:\/\/www.ernstbrunn-apotheke.at\/katalog\/wp-json\/wp\/v2\/types\/product"}],"wp:featuredmedia":[{"embeddable":true,"href":"https:\/\/www.ernstbrunn-apotheke.at\/katalog\/wp-json\/wp\/v2\/media\/84230"}],"wp:attachment":[{"href":"https:\/\/www.ernstbrunn-apotheke.at\/katalog\/wp-json\/wp\/v2\/media?parent=84228"}],"wp:term":[{"taxonomy":"product_brand","embeddable":true,"href":"https:\/\/www.ernstbrunn-apotheke.at\/katalog\/wp-json\/wp\/v2\/product_brand?post=84228"},{"taxonomy":"product_cat","embeddable":true,"href":"https:\/\/www.ernstbrunn-apotheke.at\/katalog\/wp-json\/wp\/v2\/product_cat?post=84228"},{"taxonomy":"product_tag","embeddable":true,"href":"https:\/\/www.ernstbrunn-apotheke.at\/katalog\/wp-json\/wp\/v2\/product_tag?post=84228"}],"curies":[{"name":"wp","href":"https:\/\/api.w.org\/{rel}","templated":true}]}}