{"id":84204,"date":"2025-11-12T01:12:07","date_gmt":"2025-11-12T00:12:07","guid":{"rendered":"https:\/\/www.ernstbrunn-apotheke.at\/katalog\/produkt\/gss-pulver-1000-g\/"},"modified":"2025-12-08T19:38:41","modified_gmt":"2025-12-08T18:38:41","slug":"gss-pulver-1000-g","status":"publish","type":"product","link":"https:\/\/www.ernstbrunn-apotheke.at\/katalog\/produkt\/gss-pulver-1000-g\/","title":{"rendered":"GSS Pulver 1000 g"},"content":{"rendered":"<p>GSS Pulver dient zur F\u00f6rderung der Gesundheit und des Wohlbefindens. Dar\u00fcber hinaus steigert es die Leistung und Fitness und mindern zudem das Hungergef\u00fchl. Durch die nat\u00fcrliche Quelleigenschaft des Pulvers erfolgt eine hohe S\u00e4ttigung, sodass Sie viel weniger zu sich nehmen als sonst.<\/p>\n","protected":false},"excerpt":{"rendered":"<p>GSS Pulver dient zur F\u00f6rderung der Gesundheit und des Wohlbefindens. Dar\u00fcber hinaus steigert es die Leistung und Fitness und mindern zudem das Hungergef\u00fchl. Durch die nat\u00fcrliche Quelleigenschaft des Pulvers erfolgt eine hohe S\u00e4ttigung, sodass Sie viel weniger zu sich nehmen als sonst.<\/p>\n","protected":false},"featured_media":0,"template":"","meta":{"_acf_changed":false},"product_brand":[],"product_cat":[810],"product_tag":[],"class_list":{"0":"post-84204","1":"product","2":"type-product","3":"status-publish","5":"product_cat-g","6":"pa_packungsgroesse-1kg","8":"first","9":"instock","10":"shipping-taxable","11":"purchasable","12":"product-type-simple"},"acf":[],"_links":{"self":[{"href":"https:\/\/www.ernstbrunn-apotheke.at\/katalog\/wp-json\/wp\/v2\/product\/84204","targetHints":{"allow":["GET"]}}],"collection":[{"href":"https:\/\/www.ernstbrunn-apotheke.at\/katalog\/wp-json\/wp\/v2\/product"}],"about":[{"href":"https:\/\/www.ernstbrunn-apotheke.at\/katalog\/wp-json\/wp\/v2\/types\/product"}],"wp:attachment":[{"href":"https:\/\/www.ernstbrunn-apotheke.at\/katalog\/wp-json\/wp\/v2\/media?parent=84204"}],"wp:term":[{"taxonomy":"product_brand","embeddable":true,"href":"https:\/\/www.ernstbrunn-apotheke.at\/katalog\/wp-json\/wp\/v2\/product_brand?post=84204"},{"taxonomy":"product_cat","embeddable":true,"href":"https:\/\/www.ernstbrunn-apotheke.at\/katalog\/wp-json\/wp\/v2\/product_cat?post=84204"},{"taxonomy":"product_tag","embeddable":true,"href":"https:\/\/www.ernstbrunn-apotheke.at\/katalog\/wp-json\/wp\/v2\/product_tag?post=84204"}],"curies":[{"name":"wp","href":"https:\/\/api.w.org\/{rel}","templated":true}]}}