{"id":84190,"date":"2025-11-12T01:12:07","date_gmt":"2025-11-12T00:12:07","guid":{"rendered":"https:\/\/www.ernstbrunn-apotheke.at\/katalog\/produkt\/embamed-schwarzkuemmel-oel-500-mg-kapseln-360-stk\/"},"modified":"2025-12-08T19:38:38","modified_gmt":"2025-12-08T18:38:38","slug":"embamed-schwarzkuemmel-oel-500-mg-kapseln-360-stk","status":"publish","type":"product","link":"https:\/\/www.ernstbrunn-apotheke.at\/katalog\/produkt\/embamed-schwarzkuemmel-oel-500-mg-kapseln-360-stk\/","title":{"rendered":"Embamed Schwarzk\u00fcmmel \u00d6l 500 mg Kapseln 360 Stk."},"content":{"rendered":"<p>Embamed Schwarzk\u00fcmmel \u00d6l 500 mg Kapseln enthalten das echte \u00e4gyptische Schwarzk\u00fcmmel\u00f6l. \u00c4gyptischer Schwarzk\u00fcmmel geh\u00f6rt zu den \u00e4ltesten Kulturpflanzen der Menschheit. Seine, seit dem Altertum bekannten wertvollen Eigenschaften, werden von vielen Kulturen dieser Erde gesch\u00e4tzt. Die Kapseln dienen zur Nahrungserg\u00e4nzung und enthalten mehrfach unges\u00e4ttigte Fetts\u00e4uren. Dieses Produkt ist in den Packungsgr\u00f6\u00dfen 60, 120 und 360 St\u00fcck erh\u00e4ltlich.<\/p>\n","protected":false},"excerpt":{"rendered":"<p>Embamed Schwarzk\u00fcmmel \u00d6l 500 mg Kapseln enthalten das echte \u00e4gyptische Schwarzk\u00fcmmel\u00f6l. \u00c4gyptischer Schwarzk\u00fcmmel geh\u00f6rt zu den \u00e4ltesten Kulturpflanzen der Menschheit. Seine, seit dem Altertum bekannten wertvollen Eigenschaften, werden von vielen Kulturen dieser Erde gesch\u00e4tzt. Die Kapseln dienen zur Nahrungserg\u00e4nzung und enthalten mehrfach unges\u00e4ttigte Fetts\u00e4uren. Dieses Produkt ist in den Packungsgr\u00f6\u00dfen 60, 120 und 360 St\u00fcck [&hellip;]<\/p>\n","protected":false},"featured_media":84192,"template":"","meta":{"_acf_changed":false},"product_brand":[],"product_cat":[794],"product_tag":[],"class_list":{"0":"post-84190","1":"product","2":"type-product","3":"status-publish","4":"has-post-thumbnail","6":"product_cat-e","7":"pa_packungsgroesse-360-stueck","9":"first","10":"instock","11":"shipping-taxable","12":"purchasable","13":"product-type-simple"},"acf":[],"_links":{"self":[{"href":"https:\/\/www.ernstbrunn-apotheke.at\/katalog\/wp-json\/wp\/v2\/product\/84190","targetHints":{"allow":["GET"]}}],"collection":[{"href":"https:\/\/www.ernstbrunn-apotheke.at\/katalog\/wp-json\/wp\/v2\/product"}],"about":[{"href":"https:\/\/www.ernstbrunn-apotheke.at\/katalog\/wp-json\/wp\/v2\/types\/product"}],"wp:featuredmedia":[{"embeddable":true,"href":"https:\/\/www.ernstbrunn-apotheke.at\/katalog\/wp-json\/wp\/v2\/media\/84192"}],"wp:attachment":[{"href":"https:\/\/www.ernstbrunn-apotheke.at\/katalog\/wp-json\/wp\/v2\/media?parent=84190"}],"wp:term":[{"taxonomy":"product_brand","embeddable":true,"href":"https:\/\/www.ernstbrunn-apotheke.at\/katalog\/wp-json\/wp\/v2\/product_brand?post=84190"},{"taxonomy":"product_cat","embeddable":true,"href":"https:\/\/www.ernstbrunn-apotheke.at\/katalog\/wp-json\/wp\/v2\/product_cat?post=84190"},{"taxonomy":"product_tag","embeddable":true,"href":"https:\/\/www.ernstbrunn-apotheke.at\/katalog\/wp-json\/wp\/v2\/product_tag?post=84190"}],"curies":[{"name":"wp","href":"https:\/\/api.w.org\/{rel}","templated":true}]}}