{"id":84185,"date":"2025-11-12T01:11:40","date_gmt":"2025-11-12T00:11:40","guid":{"rendered":"https:\/\/www.ernstbrunn-apotheke.at\/katalog\/produkt\/plurazin-49-intens-kapseln-40-stk\/"},"modified":"2025-12-08T19:38:35","modified_gmt":"2025-12-08T18:38:35","slug":"plurazin-49-intens-kapseln-40-stk","status":"publish","type":"product","link":"https:\/\/www.ernstbrunn-apotheke.at\/katalog\/produkt\/plurazin-49-intens-kapseln-40-stk\/","title":{"rendered":"Plurazin 49 Intens Kapseln 40 Stk."},"content":{"rendered":"<p>SanimaMed Europe Health wurde 2008 gegr\u00fcndet mit den Schwerpunkten Entwicklung, Herstellung und Vertrieb von modernen Gesundheitsprodukten. Im Fokus des Handelns steht dabei immer der Mensch und seine Gesundheit.Indikationsbezogene Vitalstoffpr\u00e4parate und hochwertige Nahrungserg\u00e4nzungsmittel der Spitzenklasse sind das Ergebnis jahrelanger Forschungsarbeit. Ob zur Leistungssteigerung, Pr\u00e4ventiv oder zur Phytotherapeutischen di\u00e4tetischen Behandlung individueller Erkrankungen<\/p>\n","protected":false},"excerpt":{"rendered":"<p>SanimaMed Europe Health wurde 2008 gegr\u00fcndet mit den Schwerpunkten Entwicklung, Herstellung und Vertrieb von modernen Gesundheitsprodukten. Im Fokus des Handelns steht dabei immer der Mensch und seine Gesundheit.Indikationsbezogene Vitalstoffpr\u00e4parate und hochwertige Nahrungserg\u00e4nzungsmittel der Spitzenklasse sind das Ergebnis jahrelanger Forschungsarbeit. Ob zur Leistungssteigerung, Pr\u00e4ventiv oder zur Phytotherapeutischen di\u00e4tetischen Behandlung individueller Erkrankungen<\/p>\n","protected":false},"featured_media":0,"template":"","meta":{"_acf_changed":false},"product_brand":[],"product_cat":[793],"product_tag":[],"class_list":{"0":"post-84185","1":"product","2":"type-product","3":"status-publish","5":"product_cat-p","6":"pa_packungsgroesse-40-stueck","8":"first","9":"instock","10":"shipping-taxable","11":"purchasable","12":"product-type-simple"},"acf":[],"_links":{"self":[{"href":"https:\/\/www.ernstbrunn-apotheke.at\/katalog\/wp-json\/wp\/v2\/product\/84185","targetHints":{"allow":["GET"]}}],"collection":[{"href":"https:\/\/www.ernstbrunn-apotheke.at\/katalog\/wp-json\/wp\/v2\/product"}],"about":[{"href":"https:\/\/www.ernstbrunn-apotheke.at\/katalog\/wp-json\/wp\/v2\/types\/product"}],"wp:attachment":[{"href":"https:\/\/www.ernstbrunn-apotheke.at\/katalog\/wp-json\/wp\/v2\/media?parent=84185"}],"wp:term":[{"taxonomy":"product_brand","embeddable":true,"href":"https:\/\/www.ernstbrunn-apotheke.at\/katalog\/wp-json\/wp\/v2\/product_brand?post=84185"},{"taxonomy":"product_cat","embeddable":true,"href":"https:\/\/www.ernstbrunn-apotheke.at\/katalog\/wp-json\/wp\/v2\/product_cat?post=84185"},{"taxonomy":"product_tag","embeddable":true,"href":"https:\/\/www.ernstbrunn-apotheke.at\/katalog\/wp-json\/wp\/v2\/product_tag?post=84185"}],"curies":[{"name":"wp","href":"https:\/\/api.w.org\/{rel}","templated":true}]}}