{"id":84179,"date":"2025-11-12T01:11:40","date_gmt":"2025-11-12T00:11:40","guid":{"rendered":"https:\/\/www.ernstbrunn-apotheke.at\/katalog\/produkt\/lysoform-aldasan-konzentrat\/"},"modified":"2025-12-08T19:38:32","modified_gmt":"2025-12-08T18:38:32","slug":"lysoform-aldasan-konzentrat","status":"publish","type":"product","link":"https:\/\/www.ernstbrunn-apotheke.at\/katalog\/produkt\/lysoform-aldasan-konzentrat\/","title":{"rendered":"Lysoform Aldasan Konzentrat"},"content":{"rendered":"<p>Lysoform Aldasan Konzentrat ist ein fl\u00fcssiges Konzentrat, mit dem jede gew\u00fcnschte Gebrauchsverd\u00fcnnung durch Zugabe von Wasser hergestellt werden kann.<\/p>\n","protected":false},"excerpt":{"rendered":"<p>Lysoform Aldasan Konzentrat ist ein fl\u00fcssiges Konzentrat, mit dem jede gew\u00fcnschte Gebrauchsverd\u00fcnnung durch Zugabe von Wasser hergestellt werden kann.<\/p>\n","protected":false},"featured_media":84181,"template":"","meta":{"_acf_changed":false},"product_brand":[],"product_cat":[795],"product_tag":[],"class_list":{"0":"post-84179","1":"product","2":"type-product","3":"status-publish","4":"has-post-thumbnail","6":"product_cat-l","7":"pa_packungsgroesse-1l","9":"first","10":"instock","11":"shipping-taxable","12":"purchasable","13":"product-type-simple"},"acf":[],"_links":{"self":[{"href":"https:\/\/www.ernstbrunn-apotheke.at\/katalog\/wp-json\/wp\/v2\/product\/84179","targetHints":{"allow":["GET"]}}],"collection":[{"href":"https:\/\/www.ernstbrunn-apotheke.at\/katalog\/wp-json\/wp\/v2\/product"}],"about":[{"href":"https:\/\/www.ernstbrunn-apotheke.at\/katalog\/wp-json\/wp\/v2\/types\/product"}],"wp:featuredmedia":[{"embeddable":true,"href":"https:\/\/www.ernstbrunn-apotheke.at\/katalog\/wp-json\/wp\/v2\/media\/84181"}],"wp:attachment":[{"href":"https:\/\/www.ernstbrunn-apotheke.at\/katalog\/wp-json\/wp\/v2\/media?parent=84179"}],"wp:term":[{"taxonomy":"product_brand","embeddable":true,"href":"https:\/\/www.ernstbrunn-apotheke.at\/katalog\/wp-json\/wp\/v2\/product_brand?post=84179"},{"taxonomy":"product_cat","embeddable":true,"href":"https:\/\/www.ernstbrunn-apotheke.at\/katalog\/wp-json\/wp\/v2\/product_cat?post=84179"},{"taxonomy":"product_tag","embeddable":true,"href":"https:\/\/www.ernstbrunn-apotheke.at\/katalog\/wp-json\/wp\/v2\/product_tag?post=84179"}],"curies":[{"name":"wp","href":"https:\/\/api.w.org\/{rel}","templated":true}]}}