{"id":84158,"date":"2025-11-12T01:11:23","date_gmt":"2025-11-12T00:11:23","guid":{"rendered":"https:\/\/www.ernstbrunn-apotheke.at\/katalog\/produkt\/mullbinde-b-braun-askina-elastisch-fine-20-stk-4-x-6-cm\/"},"modified":"2025-12-08T19:38:26","modified_gmt":"2025-12-08T18:38:26","slug":"mullbinde-b-braun-askina-elastisch-fine-20-stk-4-x-6-cm","status":"publish","type":"product","link":"https:\/\/www.ernstbrunn-apotheke.at\/katalog\/produkt\/mullbinde-b-braun-askina-elastisch-fine-20-stk-4-x-6-cm\/","title":{"rendered":"Mullbinde B. Braun Askina elastisch Fine 20 Stk. 4 x 6 cm"},"content":{"rendered":"<p>Mullbinde B. Braun Askina elastisch Fine ist ein steriles Verbandmittel zum Fixieren von Wundauflagen und Schienen, sowie f\u00fcr leichte Druckverb\u00e4nde. Die Binde eignet sich perfekt f\u00fcr die sterile Wundversorgung und um eine elastische Bandage anzulegen.<\/p>\n","protected":false},"excerpt":{"rendered":"<p>Mullbinde B. Braun Askina elastisch Fine ist ein steriles Verbandmittel zum Fixieren von Wundauflagen und Schienen, sowie f\u00fcr leichte Druckverb\u00e4nde. Die Binde eignet sich perfekt f\u00fcr die sterile Wundversorgung und um eine elastische Bandage anzulegen.<\/p>\n","protected":false},"featured_media":0,"template":"","meta":{"_acf_changed":false},"product_brand":[],"product_cat":[800],"product_tag":[],"class_list":{"0":"post-84158","1":"product","2":"type-product","3":"status-publish","5":"product_cat-m","6":"pa_packungsgroesse-20-stueck","8":"first","9":"instock","10":"shipping-taxable","11":"purchasable","12":"product-type-simple"},"acf":[],"_links":{"self":[{"href":"https:\/\/www.ernstbrunn-apotheke.at\/katalog\/wp-json\/wp\/v2\/product\/84158","targetHints":{"allow":["GET"]}}],"collection":[{"href":"https:\/\/www.ernstbrunn-apotheke.at\/katalog\/wp-json\/wp\/v2\/product"}],"about":[{"href":"https:\/\/www.ernstbrunn-apotheke.at\/katalog\/wp-json\/wp\/v2\/types\/product"}],"wp:attachment":[{"href":"https:\/\/www.ernstbrunn-apotheke.at\/katalog\/wp-json\/wp\/v2\/media?parent=84158"}],"wp:term":[{"taxonomy":"product_brand","embeddable":true,"href":"https:\/\/www.ernstbrunn-apotheke.at\/katalog\/wp-json\/wp\/v2\/product_brand?post=84158"},{"taxonomy":"product_cat","embeddable":true,"href":"https:\/\/www.ernstbrunn-apotheke.at\/katalog\/wp-json\/wp\/v2\/product_cat?post=84158"},{"taxonomy":"product_tag","embeddable":true,"href":"https:\/\/www.ernstbrunn-apotheke.at\/katalog\/wp-json\/wp\/v2\/product_tag?post=84158"}],"curies":[{"name":"wp","href":"https:\/\/api.w.org\/{rel}","templated":true}]}}