{"id":84109,"date":"2025-11-12T01:10:16","date_gmt":"2025-11-12T00:10:16","guid":{"rendered":"https:\/\/www.ernstbrunn-apotheke.at\/katalog\/produkt\/flavocel-kraeuter-extrakt-pill-c-150-stk\/"},"modified":"2025-12-08T19:38:05","modified_gmt":"2025-12-08T18:38:05","slug":"flavocel-kraeuter-extrakt-pill-c-150-stk","status":"publish","type":"product","link":"https:\/\/www.ernstbrunn-apotheke.at\/katalog\/produkt\/flavocel-kraeuter-extrakt-pill-c-150-stk\/","title":{"rendered":"Flavocel Kr\u00e4uter Extrakt Pill.+C 150 Stk."},"content":{"rendered":"<p>Flavocel Kr\u00e4uter Extrakt beinhaltet einen Extrakt des Sudanesischen Eibisch, Vitamin C, \u00e4therische \u00d6le und Bioinformationsanteile. Die Verbesserung des Ern\u00e4hrungsstoffwechsels kann zun\u00e4chst einmal dazu f\u00fchren, dass der K\u00f6rper wieder vermehrt f\u00e4hig wird, nach Au\u00dfen \u00fcber befindlichkeitsst\u00f6rende Signale auf Ungleichgewichte im Ern\u00e4hrungsstoffwechsel hinzuweisen.<\/p>\n","protected":false},"excerpt":{"rendered":"<p>Flavocel Kr\u00e4uter Extrakt beinhaltet einen Extrakt des Sudanesischen Eibisch, Vitamin C, \u00e4therische \u00d6le und Bioinformationsanteile. Die Verbesserung des Ern\u00e4hrungsstoffwechsels kann zun\u00e4chst einmal dazu f\u00fchren, dass der K\u00f6rper wieder vermehrt f\u00e4hig wird, nach Au\u00dfen \u00fcber befindlichkeitsst\u00f6rende Signale auf Ungleichgewichte im Ern\u00e4hrungsstoffwechsel hinzuweisen.<\/p>\n","protected":false},"featured_media":0,"template":"","meta":{"_acf_changed":false},"product_brand":[],"product_cat":[809],"product_tag":[],"class_list":{"0":"post-84109","1":"product","2":"type-product","3":"status-publish","5":"product_cat-f","6":"pa_packungsgroesse-150-stueck","8":"first","9":"instock","10":"shipping-taxable","11":"purchasable","12":"product-type-simple"},"acf":[],"_links":{"self":[{"href":"https:\/\/www.ernstbrunn-apotheke.at\/katalog\/wp-json\/wp\/v2\/product\/84109","targetHints":{"allow":["GET"]}}],"collection":[{"href":"https:\/\/www.ernstbrunn-apotheke.at\/katalog\/wp-json\/wp\/v2\/product"}],"about":[{"href":"https:\/\/www.ernstbrunn-apotheke.at\/katalog\/wp-json\/wp\/v2\/types\/product"}],"wp:attachment":[{"href":"https:\/\/www.ernstbrunn-apotheke.at\/katalog\/wp-json\/wp\/v2\/media?parent=84109"}],"wp:term":[{"taxonomy":"product_brand","embeddable":true,"href":"https:\/\/www.ernstbrunn-apotheke.at\/katalog\/wp-json\/wp\/v2\/product_brand?post=84109"},{"taxonomy":"product_cat","embeddable":true,"href":"https:\/\/www.ernstbrunn-apotheke.at\/katalog\/wp-json\/wp\/v2\/product_cat?post=84109"},{"taxonomy":"product_tag","embeddable":true,"href":"https:\/\/www.ernstbrunn-apotheke.at\/katalog\/wp-json\/wp\/v2\/product_tag?post=84109"}],"curies":[{"name":"wp","href":"https:\/\/api.w.org\/{rel}","templated":true}]}}