{"id":84077,"date":"2025-11-12T01:09:52","date_gmt":"2025-11-12T00:09:52","guid":{"rendered":"https:\/\/www.ernstbrunn-apotheke.at\/katalog\/produkt\/antiseptisches-flaechendesinfektionsmittel-big-liquid-1-l\/"},"modified":"2025-12-08T19:37:48","modified_gmt":"2025-12-08T18:37:48","slug":"antiseptisches-flaechendesinfektionsmittel-big-liquid-1-l","status":"publish","type":"product","link":"https:\/\/www.ernstbrunn-apotheke.at\/katalog\/produkt\/antiseptisches-flaechendesinfektionsmittel-big-liquid-1-l\/","title":{"rendered":"Antiseptisches Fl\u00e4chendesinfektionsmittel Big. Liquid 1 L"},"content":{"rendered":"<p>Antiseptisches Fl\u00e4chendesinfektionsmittel Big. Liquid ist eine alkoholische, gebrauchsfertige Desinfektionsl\u00f6sung zur Schnelldesinfektion von Fl\u00e4chen. Sie duftet frisch und zeichnet sich durch ihr breites Wirkungsspektrum in k\u00fcrzester Zeit von 1 Minute aus. Bestens zur Wischdesinfektion geeignet.<\/p>\n","protected":false},"excerpt":{"rendered":"<p>Antiseptisches Fl\u00e4chendesinfektionsmittel Big. Liquid ist eine alkoholische, gebrauchsfertige Desinfektionsl\u00f6sung zur Schnelldesinfektion von Fl\u00e4chen. Sie duftet frisch und zeichnet sich durch ihr breites Wirkungsspektrum in k\u00fcrzester Zeit von 1 Minute aus. Bestens zur Wischdesinfektion geeignet.<\/p>\n","protected":false},"featured_media":84079,"template":"","meta":{"_acf_changed":false},"product_brand":[],"product_cat":[801],"product_tag":[],"class_list":{"0":"post-84077","1":"product","2":"type-product","3":"status-publish","4":"has-post-thumbnail","6":"product_cat-a","7":"pa_packungsgroesse-1l","9":"first","10":"instock","11":"shipping-taxable","12":"purchasable","13":"product-type-simple"},"acf":[],"_links":{"self":[{"href":"https:\/\/www.ernstbrunn-apotheke.at\/katalog\/wp-json\/wp\/v2\/product\/84077","targetHints":{"allow":["GET"]}}],"collection":[{"href":"https:\/\/www.ernstbrunn-apotheke.at\/katalog\/wp-json\/wp\/v2\/product"}],"about":[{"href":"https:\/\/www.ernstbrunn-apotheke.at\/katalog\/wp-json\/wp\/v2\/types\/product"}],"wp:featuredmedia":[{"embeddable":true,"href":"https:\/\/www.ernstbrunn-apotheke.at\/katalog\/wp-json\/wp\/v2\/media\/84079"}],"wp:attachment":[{"href":"https:\/\/www.ernstbrunn-apotheke.at\/katalog\/wp-json\/wp\/v2\/media?parent=84077"}],"wp:term":[{"taxonomy":"product_brand","embeddable":true,"href":"https:\/\/www.ernstbrunn-apotheke.at\/katalog\/wp-json\/wp\/v2\/product_brand?post=84077"},{"taxonomy":"product_cat","embeddable":true,"href":"https:\/\/www.ernstbrunn-apotheke.at\/katalog\/wp-json\/wp\/v2\/product_cat?post=84077"},{"taxonomy":"product_tag","embeddable":true,"href":"https:\/\/www.ernstbrunn-apotheke.at\/katalog\/wp-json\/wp\/v2\/product_tag?post=84077"}],"curies":[{"name":"wp","href":"https:\/\/api.w.org\/{rel}","templated":true}]}}