{"id":84069,"date":"2025-11-12T01:09:23","date_gmt":"2025-11-12T00:09:23","guid":{"rendered":"https:\/\/www.ernstbrunn-apotheke.at\/katalog\/produkt\/spruehkan-fuer-xylocain-autoklav-12-50-stk\/"},"modified":"2025-12-08T19:37:42","modified_gmt":"2025-12-08T18:37:42","slug":"spruehkan-fuer-xylocain-autoklav-12-50-stk","status":"publish","type":"product","link":"https:\/\/www.ernstbrunn-apotheke.at\/katalog\/produkt\/spruehkan-fuer-xylocain-autoklav-12-50-stk\/","title":{"rendered":"Spr\u00fchkan f\u00fcr Xylocain Autoklav 12 50 Stk."},"content":{"rendered":"<p>Spr\u00fchkan\u00fcle f\u00fcr Xylocain ist eine Einmalkan\u00fcle. Die Kan\u00fcle darf nicht gek\u00fcrzt oder abgeschnitten werden. Die Membran am Kan\u00fclenende dient zur gleichm\u00e4ssigen Verneblung der Xylocain-L\u00f6sung.<\/p>\n","protected":false},"excerpt":{"rendered":"<p>Spr\u00fchkan\u00fcle f\u00fcr Xylocain ist eine Einmalkan\u00fcle. Die Kan\u00fcle darf nicht gek\u00fcrzt oder abgeschnitten werden. Die Membran am Kan\u00fclenende dient zur gleichm\u00e4ssigen Verneblung der Xylocain-L\u00f6sung.<\/p>\n","protected":false},"featured_media":0,"template":"","meta":{"_acf_changed":false},"product_brand":[],"product_cat":[791],"product_tag":[],"class_list":{"0":"post-84069","1":"product","2":"type-product","3":"status-publish","5":"product_cat-s","6":"pa_packungsgroesse-50-stueck","8":"first","9":"instock","10":"shipping-taxable","11":"purchasable","12":"product-type-simple"},"acf":[],"_links":{"self":[{"href":"https:\/\/www.ernstbrunn-apotheke.at\/katalog\/wp-json\/wp\/v2\/product\/84069","targetHints":{"allow":["GET"]}}],"collection":[{"href":"https:\/\/www.ernstbrunn-apotheke.at\/katalog\/wp-json\/wp\/v2\/product"}],"about":[{"href":"https:\/\/www.ernstbrunn-apotheke.at\/katalog\/wp-json\/wp\/v2\/types\/product"}],"wp:attachment":[{"href":"https:\/\/www.ernstbrunn-apotheke.at\/katalog\/wp-json\/wp\/v2\/media?parent=84069"}],"wp:term":[{"taxonomy":"product_brand","embeddable":true,"href":"https:\/\/www.ernstbrunn-apotheke.at\/katalog\/wp-json\/wp\/v2\/product_brand?post=84069"},{"taxonomy":"product_cat","embeddable":true,"href":"https:\/\/www.ernstbrunn-apotheke.at\/katalog\/wp-json\/wp\/v2\/product_cat?post=84069"},{"taxonomy":"product_tag","embeddable":true,"href":"https:\/\/www.ernstbrunn-apotheke.at\/katalog\/wp-json\/wp\/v2\/product_tag?post=84069"}],"curies":[{"name":"wp","href":"https:\/\/api.w.org\/{rel}","templated":true}]}}