{"id":84053,"date":"2025-11-12T01:09:23","date_gmt":"2025-11-12T00:09:23","guid":{"rendered":"https:\/\/www.ernstbrunn-apotheke.at\/katalog\/produkt\/gall-pharma-d-mannose-500-mg-kapseln-90-stk\/"},"modified":"2025-12-08T19:37:39","modified_gmt":"2025-12-08T18:37:39","slug":"gall-pharma-d-mannose-500-mg-kapseln-90-stk","status":"publish","type":"product","link":"https:\/\/www.ernstbrunn-apotheke.at\/katalog\/produkt\/gall-pharma-d-mannose-500-mg-kapseln-90-stk\/","title":{"rendered":"Gall Pharma D-Mannose 500 mg Kapseln 90 Stk."},"content":{"rendered":"<p>D-Mannose, ein Isomer der D-Glucose (Traubenzucker), geh\u00f6rt zu den Einfachzuckern, wird jedoch kaum im K\u00f6rper verstoffwechselt. Sie kommt in den Zellw\u00e4nden mancher pflanzlichen Fr\u00fcchte und in Braunalgen als Bestandteil der Mannane (Polysaccharide) vor. D-Mannose ist eine Zuckerart, die mit der Glucose verwandt ist. Viele Menschen leiden unter Harnwegsinfekten, welche h\u00e4ufig von Escherichia coli Bakterien ausgel\u00f6st werden. Die D\u2011Mannose, welche mit dem Urin ausgeschieden wird, kann Bakterien an sich binden und mit dem Urin aus dem K\u00f6rper ausscheiden.Der Einfachzucker wird somit gerne zur Vorbeugung und zur Zusatzbehandlung einer Blasenentz\u00fcndung verwendet und erg\u00e4nzt in diesen F\u00e4llen die Ern\u00e4hrung sinnvoll..<\/p>\n","protected":false},"excerpt":{"rendered":"<p>D-Mannose, ein Isomer der D-Glucose (Traubenzucker), geh\u00f6rt zu den Einfachzuckern, wird jedoch kaum im K\u00f6rper verstoffwechselt. Sie kommt in den Zellw\u00e4nden mancher pflanzlichen Fr\u00fcchte und in Braunalgen als Bestandteil der Mannane (Polysaccharide) vor. D-Mannose ist eine Zuckerart, die mit der Glucose verwandt ist. Viele Menschen leiden unter Harnwegsinfekten, welche h\u00e4ufig von Escherichia coli Bakterien ausgel\u00f6st [&hellip;]<\/p>\n","protected":false},"featured_media":84055,"template":"","meta":{"_acf_changed":false},"product_brand":[371],"product_cat":[810],"product_tag":[],"class_list":{"0":"post-84053","1":"product","2":"type-product","3":"status-publish","4":"has-post-thumbnail","6":"product_brand-gall-pharma","7":"product_cat-g","8":"pa_packungsgroesse-90-stueck","10":"first","11":"instock","12":"shipping-taxable","13":"purchasable","14":"product-type-simple"},"acf":[],"_links":{"self":[{"href":"https:\/\/www.ernstbrunn-apotheke.at\/katalog\/wp-json\/wp\/v2\/product\/84053","targetHints":{"allow":["GET"]}}],"collection":[{"href":"https:\/\/www.ernstbrunn-apotheke.at\/katalog\/wp-json\/wp\/v2\/product"}],"about":[{"href":"https:\/\/www.ernstbrunn-apotheke.at\/katalog\/wp-json\/wp\/v2\/types\/product"}],"wp:featuredmedia":[{"embeddable":true,"href":"https:\/\/www.ernstbrunn-apotheke.at\/katalog\/wp-json\/wp\/v2\/media\/84055"}],"wp:attachment":[{"href":"https:\/\/www.ernstbrunn-apotheke.at\/katalog\/wp-json\/wp\/v2\/media?parent=84053"}],"wp:term":[{"taxonomy":"product_brand","embeddable":true,"href":"https:\/\/www.ernstbrunn-apotheke.at\/katalog\/wp-json\/wp\/v2\/product_brand?post=84053"},{"taxonomy":"product_cat","embeddable":true,"href":"https:\/\/www.ernstbrunn-apotheke.at\/katalog\/wp-json\/wp\/v2\/product_cat?post=84053"},{"taxonomy":"product_tag","embeddable":true,"href":"https:\/\/www.ernstbrunn-apotheke.at\/katalog\/wp-json\/wp\/v2\/product_tag?post=84053"}],"curies":[{"name":"wp","href":"https:\/\/api.w.org\/{rel}","templated":true}]}}