{"id":84049,"date":"2025-11-12T01:09:00","date_gmt":"2025-11-12T00:09:00","guid":{"rendered":"https:\/\/www.ernstbrunn-apotheke.at\/katalog\/produkt\/australische-buschbluetenessenz-adol-30-ml\/"},"modified":"2025-12-08T19:37:36","modified_gmt":"2025-12-08T18:37:36","slug":"australische-buschbluetenessenz-adol-30-ml","status":"publish","type":"product","link":"https:\/\/www.ernstbrunn-apotheke.at\/katalog\/produkt\/australische-buschbluetenessenz-adol-30-ml\/","title":{"rendered":"Australische Buschbl\u00fctenessenz Adol 30 ml"},"content":{"rendered":"<p>Australische Buschbl\u00fctenessenz Adol ist f\u00fcr die Hauptprobleme gedacht, die Jugendliche normalerweise in der Pubert\u00e4t erleben. Sie hilft dabei, mehr Selbstakzeptanz zu entwickeln und unterst\u00fctzt Kommunikation, soziale Kompetenz, Harmonie in Beziehungen, Reife, emontionale Stabilit\u00e4t und Optimismus.<\/p>\n","protected":false},"excerpt":{"rendered":"<p>Australische Buschbl\u00fctenessenz Adol ist f\u00fcr die Hauptprobleme gedacht, die Jugendliche normalerweise in der Pubert\u00e4t erleben. Sie hilft dabei, mehr Selbstakzeptanz zu entwickeln und unterst\u00fctzt Kommunikation, soziale Kompetenz, Harmonie in Beziehungen, Reife, emontionale Stabilit\u00e4t und Optimismus.<\/p>\n","protected":false},"featured_media":0,"template":"","meta":{"_acf_changed":false},"product_brand":[930],"product_cat":[801],"product_tag":[],"class_list":{"0":"post-84049","1":"product","2":"type-product","3":"status-publish","5":"product_brand-australische-buschblueten","6":"product_cat-a","7":"pa_packungsgroesse-30ml","9":"first","10":"instock","11":"shipping-taxable","12":"purchasable","13":"product-type-simple"},"acf":[],"_links":{"self":[{"href":"https:\/\/www.ernstbrunn-apotheke.at\/katalog\/wp-json\/wp\/v2\/product\/84049","targetHints":{"allow":["GET"]}}],"collection":[{"href":"https:\/\/www.ernstbrunn-apotheke.at\/katalog\/wp-json\/wp\/v2\/product"}],"about":[{"href":"https:\/\/www.ernstbrunn-apotheke.at\/katalog\/wp-json\/wp\/v2\/types\/product"}],"wp:attachment":[{"href":"https:\/\/www.ernstbrunn-apotheke.at\/katalog\/wp-json\/wp\/v2\/media?parent=84049"}],"wp:term":[{"taxonomy":"product_brand","embeddable":true,"href":"https:\/\/www.ernstbrunn-apotheke.at\/katalog\/wp-json\/wp\/v2\/product_brand?post=84049"},{"taxonomy":"product_cat","embeddable":true,"href":"https:\/\/www.ernstbrunn-apotheke.at\/katalog\/wp-json\/wp\/v2\/product_cat?post=84049"},{"taxonomy":"product_tag","embeddable":true,"href":"https:\/\/www.ernstbrunn-apotheke.at\/katalog\/wp-json\/wp\/v2\/product_tag?post=84049"}],"curies":[{"name":"wp","href":"https:\/\/api.w.org\/{rel}","templated":true}]}}