{"id":84003,"date":"2025-11-12T01:08:23","date_gmt":"2025-11-12T00:08:23","guid":{"rendered":"https:\/\/www.ernstbrunn-apotheke.at\/katalog\/produkt\/king-kong-kraeuterextrakt-tropfen-30-ml\/"},"modified":"2025-12-08T19:37:23","modified_gmt":"2025-12-08T18:37:23","slug":"king-kong-kraeuterextrakt-tropfen-30-ml","status":"publish","type":"product","link":"https:\/\/www.ernstbrunn-apotheke.at\/katalog\/produkt\/king-kong-kraeuterextrakt-tropfen-30-ml\/","title":{"rendered":"King Kong Kr\u00e4uterextrakt Tropfen 30 ml"},"content":{"rendered":"<p>King Kong Kr\u00e4uterextrakt Tropfen harmonisieren vor allem den Leitmeridian (Du Mai), die Meridiane der Lungen, des Herzens, der Nieren, Harnblase, Gallenblase, des Dickdarms, der Milz und des Dreifachen Erw\u00e4rmers. Die Tropfen st\u00e4rken den Mut zu Authentizit\u00e4t und somit auch, sich durchzusetzen. Geben Anreiz f\u00fcr Bestleitungen und bringen Energie.<\/p>\n","protected":false},"excerpt":{"rendered":"<p>King Kong Kr\u00e4uterextrakt Tropfen harmonisieren vor allem den Leitmeridian (Du Mai), die Meridiane der Lungen, des Herzens, der Nieren, Harnblase, Gallenblase, des Dickdarms, der Milz und des Dreifachen Erw\u00e4rmers. Die Tropfen st\u00e4rken den Mut zu Authentizit\u00e4t und somit auch, sich durchzusetzen. Geben Anreiz f\u00fcr Bestleitungen und bringen Energie.<\/p>\n","protected":false},"featured_media":84005,"template":"","meta":{"_acf_changed":false},"product_brand":[],"product_cat":[807],"product_tag":[],"class_list":{"0":"post-84003","1":"product","2":"type-product","3":"status-publish","4":"has-post-thumbnail","6":"product_cat-k","7":"pa_packungsgroesse-30ml","9":"first","10":"instock","11":"shipping-taxable","12":"purchasable","13":"product-type-simple"},"acf":[],"_links":{"self":[{"href":"https:\/\/www.ernstbrunn-apotheke.at\/katalog\/wp-json\/wp\/v2\/product\/84003","targetHints":{"allow":["GET"]}}],"collection":[{"href":"https:\/\/www.ernstbrunn-apotheke.at\/katalog\/wp-json\/wp\/v2\/product"}],"about":[{"href":"https:\/\/www.ernstbrunn-apotheke.at\/katalog\/wp-json\/wp\/v2\/types\/product"}],"wp:featuredmedia":[{"embeddable":true,"href":"https:\/\/www.ernstbrunn-apotheke.at\/katalog\/wp-json\/wp\/v2\/media\/84005"}],"wp:attachment":[{"href":"https:\/\/www.ernstbrunn-apotheke.at\/katalog\/wp-json\/wp\/v2\/media?parent=84003"}],"wp:term":[{"taxonomy":"product_brand","embeddable":true,"href":"https:\/\/www.ernstbrunn-apotheke.at\/katalog\/wp-json\/wp\/v2\/product_brand?post=84003"},{"taxonomy":"product_cat","embeddable":true,"href":"https:\/\/www.ernstbrunn-apotheke.at\/katalog\/wp-json\/wp\/v2\/product_cat?post=84003"},{"taxonomy":"product_tag","embeddable":true,"href":"https:\/\/www.ernstbrunn-apotheke.at\/katalog\/wp-json\/wp\/v2\/product_tag?post=84003"}],"curies":[{"name":"wp","href":"https:\/\/api.w.org\/{rel}","templated":true}]}}