{"id":83963,"date":"2025-11-12T01:07:23","date_gmt":"2025-11-12T00:07:23","guid":{"rendered":"https:\/\/www.ernstbrunn-apotheke.at\/katalog\/produkt\/thorne-research-methylcobalamin-kapseln-60-stk\/"},"modified":"2025-12-08T19:37:03","modified_gmt":"2025-12-08T18:37:03","slug":"thorne-research-methylcobalamin-kapseln-60-stk","status":"publish","type":"product","link":"https:\/\/www.ernstbrunn-apotheke.at\/katalog\/produkt\/thorne-research-methylcobalamin-kapseln-60-stk\/","title":{"rendered":"Thorne Research Methylcobalamin Kapseln 60 Stk."},"content":{"rendered":"<p>Thorne Research Methylcobalamin Kapseln sind die aktive Form des Vitamin B12 und daher besonders gut bioverf\u00fcgbar. Vitamin B12 tr\u00e4gt zur normalen Bildung der roten Blutk\u00f6rperchen bei. Des Weiteren tr\u00e4gt es zum normalen Energiestoffwechsel, zum normalen Homocysteinspiegel und au\u00dferdem zur normalen Funktion des Immunsystems bei.<\/p>\n","protected":false},"excerpt":{"rendered":"<p>Thorne Research Methylcobalamin Kapseln sind die aktive Form des Vitamin B12 und daher besonders gut bioverf\u00fcgbar. Vitamin B12 tr\u00e4gt zur normalen Bildung der roten Blutk\u00f6rperchen bei. Des Weiteren tr\u00e4gt es zum normalen Energiestoffwechsel, zum normalen Homocysteinspiegel und au\u00dferdem zur normalen Funktion des Immunsystems bei.<\/p>\n","protected":false},"featured_media":0,"template":"","meta":{"_acf_changed":false},"product_brand":[],"product_cat":[798],"product_tag":[],"class_list":{"0":"post-83963","1":"product","2":"type-product","3":"status-publish","5":"product_cat-t","6":"pa_packungsgroesse-60-stueck","8":"first","9":"instock","10":"shipping-taxable","11":"purchasable","12":"product-type-simple"},"acf":[],"_links":{"self":[{"href":"https:\/\/www.ernstbrunn-apotheke.at\/katalog\/wp-json\/wp\/v2\/product\/83963","targetHints":{"allow":["GET"]}}],"collection":[{"href":"https:\/\/www.ernstbrunn-apotheke.at\/katalog\/wp-json\/wp\/v2\/product"}],"about":[{"href":"https:\/\/www.ernstbrunn-apotheke.at\/katalog\/wp-json\/wp\/v2\/types\/product"}],"wp:attachment":[{"href":"https:\/\/www.ernstbrunn-apotheke.at\/katalog\/wp-json\/wp\/v2\/media?parent=83963"}],"wp:term":[{"taxonomy":"product_brand","embeddable":true,"href":"https:\/\/www.ernstbrunn-apotheke.at\/katalog\/wp-json\/wp\/v2\/product_brand?post=83963"},{"taxonomy":"product_cat","embeddable":true,"href":"https:\/\/www.ernstbrunn-apotheke.at\/katalog\/wp-json\/wp\/v2\/product_cat?post=83963"},{"taxonomy":"product_tag","embeddable":true,"href":"https:\/\/www.ernstbrunn-apotheke.at\/katalog\/wp-json\/wp\/v2\/product_tag?post=83963"}],"curies":[{"name":"wp","href":"https:\/\/api.w.org\/{rel}","templated":true}]}}