{"id":83801,"date":"2025-11-12T01:04:25","date_gmt":"2025-11-12T00:04:25","guid":{"rendered":"https:\/\/www.ernstbrunn-apotheke.at\/katalog\/produkt\/apofit-aetherisches-oel-melisse-1-ml\/"},"modified":"2025-12-08T19:35:56","modified_gmt":"2025-12-08T18:35:56","slug":"apofit-aetherisches-oel-melisse-1-ml","status":"publish","type":"product","link":"https:\/\/www.ernstbrunn-apotheke.at\/katalog\/produkt\/apofit-aetherisches-oel-melisse-1-ml\/","title":{"rendered":"Apofit \u00c4therisches \u00d6l Melisse 1 ml"},"content":{"rendered":"<p>Apofit \u00c4therisches \u00d6l Melisse riecht zitrus\u00e4hnlich, ist sehr wertvoll und nur schwer erh\u00e4ltlich. Das naturreine \u00d6l gleicht Gef\u00fchlsschwankungen aus und hilft bei Depressionen und Schlafst\u00f6rungen. Die Melisse gilt als ein Mittel, das die Langlebigkeit f\u00f6rdert. Es hilft zudem bei Wetterf\u00fchligkeit und Migr\u00e4ne. Nicht zur Einnahme bestimmt!.<\/p>\n","protected":false},"excerpt":{"rendered":"<p>Apofit \u00c4therisches \u00d6l Melisse riecht zitrus\u00e4hnlich, ist sehr wertvoll und nur schwer erh\u00e4ltlich. Das naturreine \u00d6l gleicht Gef\u00fchlsschwankungen aus und hilft bei Depressionen und Schlafst\u00f6rungen. Die Melisse gilt als ein Mittel, das die Langlebigkeit f\u00f6rdert. Es hilft zudem bei Wetterf\u00fchligkeit und Migr\u00e4ne. Nicht zur Einnahme bestimmt!.<\/p>\n","protected":false},"featured_media":83803,"template":"","meta":{"_acf_changed":false},"product_brand":[584],"product_cat":[801],"product_tag":[],"class_list":{"0":"post-83801","1":"product","2":"type-product","3":"status-publish","4":"has-post-thumbnail","6":"product_brand-apofit","7":"product_cat-a","8":"pa_packungsgroesse-1ml","10":"first","11":"instock","12":"shipping-taxable","13":"purchasable","14":"product-type-simple"},"acf":[],"_links":{"self":[{"href":"https:\/\/www.ernstbrunn-apotheke.at\/katalog\/wp-json\/wp\/v2\/product\/83801","targetHints":{"allow":["GET"]}}],"collection":[{"href":"https:\/\/www.ernstbrunn-apotheke.at\/katalog\/wp-json\/wp\/v2\/product"}],"about":[{"href":"https:\/\/www.ernstbrunn-apotheke.at\/katalog\/wp-json\/wp\/v2\/types\/product"}],"wp:featuredmedia":[{"embeddable":true,"href":"https:\/\/www.ernstbrunn-apotheke.at\/katalog\/wp-json\/wp\/v2\/media\/83803"}],"wp:attachment":[{"href":"https:\/\/www.ernstbrunn-apotheke.at\/katalog\/wp-json\/wp\/v2\/media?parent=83801"}],"wp:term":[{"taxonomy":"product_brand","embeddable":true,"href":"https:\/\/www.ernstbrunn-apotheke.at\/katalog\/wp-json\/wp\/v2\/product_brand?post=83801"},{"taxonomy":"product_cat","embeddable":true,"href":"https:\/\/www.ernstbrunn-apotheke.at\/katalog\/wp-json\/wp\/v2\/product_cat?post=83801"},{"taxonomy":"product_tag","embeddable":true,"href":"https:\/\/www.ernstbrunn-apotheke.at\/katalog\/wp-json\/wp\/v2\/product_tag?post=83801"}],"curies":[{"name":"wp","href":"https:\/\/api.w.org\/{rel}","templated":true}]}}