{"id":83769,"date":"2025-11-11T23:59:44","date_gmt":"2025-11-11T22:59:44","guid":{"rendered":"https:\/\/www.ernstbrunn-apotheke.at\/katalog\/produkt\/adler-bachblueten-mustard-tropfen-10-ml\/"},"modified":"2025-12-08T19:35:39","modified_gmt":"2025-12-08T18:35:39","slug":"adler-bachblueten-mustard-tropfen-10-ml","status":"publish","type":"product","link":"https:\/\/www.ernstbrunn-apotheke.at\/katalog\/produkt\/adler-bachblueten-mustard-tropfen-10-ml\/","title":{"rendered":"Adler Bachbl\u00fcten Mustard Tropfen 10 ml"},"content":{"rendered":"<p>Adler Bachbl\u00fcten Mustard Tropfen 10 ml sind Teil der &#8222;Zweiten Neunzehn&#8220; Bachbl\u00fctenessenzen, die mit Gem\u00fctszust\u00e4nden verwandt sind und sich auf allt\u00e4gliche Situationen beziehen. Mustard Tropfen eignen sich f\u00fcr Menschen, die von Zeit zu Zeit ohne erkennbaren Grund von \u00fcbler Laune, Schwermut oder Depressionen \u00fcberfallen werden und k\u00f6nnen bei Verstimmungen jeder Art, Niedergeschlagenheit und Traurigkeit unterst\u00fctzend wirken.<\/p>\n","protected":false},"excerpt":{"rendered":"<p>Adler Bachbl\u00fcten Mustard Tropfen 10 ml sind Teil der &#8222;Zweiten Neunzehn&#8220; Bachbl\u00fctenessenzen, die mit Gem\u00fctszust\u00e4nden verwandt sind und sich auf allt\u00e4gliche Situationen beziehen. Mustard Tropfen eignen sich f\u00fcr Menschen, die von Zeit zu Zeit ohne erkennbaren Grund von \u00fcbler Laune, Schwermut oder Depressionen \u00fcberfallen werden und k\u00f6nnen bei Verstimmungen jeder Art, Niedergeschlagenheit und Traurigkeit unterst\u00fctzend [&hellip;]<\/p>\n","protected":false},"featured_media":83771,"template":"","meta":{"_acf_changed":false},"product_brand":[928],"product_cat":[801],"product_tag":[],"class_list":{"0":"post-83769","1":"product","2":"type-product","3":"status-publish","4":"has-post-thumbnail","6":"product_brand-adler-pharma","7":"product_cat-a","8":"pa_packungsgroesse-10ml","10":"first","11":"instock","12":"shipping-taxable","13":"purchasable","14":"product-type-simple"},"acf":[],"_links":{"self":[{"href":"https:\/\/www.ernstbrunn-apotheke.at\/katalog\/wp-json\/wp\/v2\/product\/83769","targetHints":{"allow":["GET"]}}],"collection":[{"href":"https:\/\/www.ernstbrunn-apotheke.at\/katalog\/wp-json\/wp\/v2\/product"}],"about":[{"href":"https:\/\/www.ernstbrunn-apotheke.at\/katalog\/wp-json\/wp\/v2\/types\/product"}],"wp:featuredmedia":[{"embeddable":true,"href":"https:\/\/www.ernstbrunn-apotheke.at\/katalog\/wp-json\/wp\/v2\/media\/83771"}],"wp:attachment":[{"href":"https:\/\/www.ernstbrunn-apotheke.at\/katalog\/wp-json\/wp\/v2\/media?parent=83769"}],"wp:term":[{"taxonomy":"product_brand","embeddable":true,"href":"https:\/\/www.ernstbrunn-apotheke.at\/katalog\/wp-json\/wp\/v2\/product_brand?post=83769"},{"taxonomy":"product_cat","embeddable":true,"href":"https:\/\/www.ernstbrunn-apotheke.at\/katalog\/wp-json\/wp\/v2\/product_cat?post=83769"},{"taxonomy":"product_tag","embeddable":true,"href":"https:\/\/www.ernstbrunn-apotheke.at\/katalog\/wp-json\/wp\/v2\/product_tag?post=83769"}],"curies":[{"name":"wp","href":"https:\/\/api.w.org\/{rel}","templated":true}]}}