{"id":8376,"date":"2025-11-07T13:41:02","date_gmt":"2025-11-07T12:41:02","guid":{"rendered":"https:\/\/www.ernstbrunn-apotheke.at\/katalog\/produkt\/okuzell-relief-augenspray-15ml\/"},"modified":"2025-12-08T13:25:33","modified_gmt":"2025-12-08T12:25:33","slug":"okuzell-relief-augenspray-15ml","status":"publish","type":"product","link":"https:\/\/www.ernstbrunn-apotheke.at\/katalog\/produkt\/okuzell-relief-augenspray-15ml\/","title":{"rendered":"Okuzell Relief Augenspray &#8211; 15ml"},"content":{"rendered":"<p>Okuzell Relief Augenspray 15 ml lindert Brennen und R\u00f6tungen. Der Spray mit Pflanzenextrakten sch\u00fctzt die Augen vor \u00e4u\u00dferen Einfl\u00fcssen wie beispielsweise Pollen oder Staub. Bereits nach wenigen Anwendungen wird die \u00e4u\u00dferste Schicht des Tr\u00e4nenfilms stabilisiert. Ihre Augen f\u00fchlen sich angenehm befeuchtet an.<\/p>\n","protected":false},"excerpt":{"rendered":"<p>Okuzell Relief Augenspray 15 ml lindert Brennen und R\u00f6tungen. Der Spray mit Pflanzenextrakten sch\u00fctzt die Augen vor \u00e4u\u00dferen Einfl\u00fcssen wie beispielsweise Pollen oder Staub. Bereits nach wenigen Anwendungen wird die \u00e4u\u00dferste Schicht des Tr\u00e4nenfilms stabilisiert. Ihre Augen f\u00fchlen sich angenehm befeuchtet an.<\/p>\n","protected":false},"featured_media":8378,"template":"","meta":{"_acf_changed":false},"product_brand":[],"product_cat":[819],"product_tag":[],"class_list":{"0":"post-8376","1":"product","2":"type-product","3":"status-publish","4":"has-post-thumbnail","6":"product_cat-o","7":"pa_packungsgroesse-15ml","9":"first","10":"instock","11":"shipping-taxable","12":"purchasable","13":"product-type-simple"},"acf":[],"_links":{"self":[{"href":"https:\/\/www.ernstbrunn-apotheke.at\/katalog\/wp-json\/wp\/v2\/product\/8376","targetHints":{"allow":["GET"]}}],"collection":[{"href":"https:\/\/www.ernstbrunn-apotheke.at\/katalog\/wp-json\/wp\/v2\/product"}],"about":[{"href":"https:\/\/www.ernstbrunn-apotheke.at\/katalog\/wp-json\/wp\/v2\/types\/product"}],"wp:featuredmedia":[{"embeddable":true,"href":"https:\/\/www.ernstbrunn-apotheke.at\/katalog\/wp-json\/wp\/v2\/media\/8378"}],"wp:attachment":[{"href":"https:\/\/www.ernstbrunn-apotheke.at\/katalog\/wp-json\/wp\/v2\/media?parent=8376"}],"wp:term":[{"taxonomy":"product_brand","embeddable":true,"href":"https:\/\/www.ernstbrunn-apotheke.at\/katalog\/wp-json\/wp\/v2\/product_brand?post=8376"},{"taxonomy":"product_cat","embeddable":true,"href":"https:\/\/www.ernstbrunn-apotheke.at\/katalog\/wp-json\/wp\/v2\/product_cat?post=8376"},{"taxonomy":"product_tag","embeddable":true,"href":"https:\/\/www.ernstbrunn-apotheke.at\/katalog\/wp-json\/wp\/v2\/product_tag?post=8376"}],"curies":[{"name":"wp","href":"https:\/\/api.w.org\/{rel}","templated":true}]}}