{"id":83660,"date":"2025-11-11T23:58:29","date_gmt":"2025-11-11T22:58:29","guid":{"rendered":"https:\/\/www.ernstbrunn-apotheke.at\/katalog\/produkt\/topinambur-e-kapseln-2\/"},"modified":"2025-12-08T19:34:54","modified_gmt":"2025-12-08T18:34:54","slug":"topinambur-e-kapseln-2","status":"publish","type":"product","link":"https:\/\/www.ernstbrunn-apotheke.at\/katalog\/produkt\/topinambur-e-kapseln-2\/","title":{"rendered":"Topinambur E Kapseln"},"content":{"rendered":"<p>Gall Pharma Topinambur E Kapseln sind Kapseln mit Topinambur Trockenextrakt. Eine Kapsel enth\u00e4lt 300mg dieses ballaststoffreichen Pulvers. Topinambur E Kapseln sind eine Nahrungserg\u00e4nzung zur Verringerung des Hungergef\u00fchls und zur Regeneration der Darmflora. Zudem dienen sie zur Anregung der Darmt\u00e4tigkeit.Dieses Produkt erhalten Sie in Packungen zu 60 und 120 St\u00fcck.<\/p>\n","protected":false},"excerpt":{"rendered":"<p>Gall Pharma Topinambur E Kapseln sind Kapseln mit Topinambur Trockenextrakt. Eine Kapsel enth\u00e4lt 300mg dieses ballaststoffreichen Pulvers. Topinambur E Kapseln sind eine Nahrungserg\u00e4nzung zur Verringerung des Hungergef\u00fchls und zur Regeneration der Darmflora. Zudem dienen sie zur Anregung der Darmt\u00e4tigkeit.Dieses Produkt erhalten Sie in Packungen zu 60 und 120 St\u00fcck.<\/p>\n","protected":false},"featured_media":83662,"template":"","meta":{"_acf_changed":false},"product_brand":[371],"product_cat":[798],"product_tag":[],"class_list":{"0":"post-83660","1":"product","2":"type-product","3":"status-publish","4":"has-post-thumbnail","6":"product_brand-gall-pharma","7":"product_cat-t","8":"pa_packungsgroesse-120-stueck","10":"first","11":"instock","12":"shipping-taxable","13":"purchasable","14":"product-type-simple"},"acf":[],"_links":{"self":[{"href":"https:\/\/www.ernstbrunn-apotheke.at\/katalog\/wp-json\/wp\/v2\/product\/83660","targetHints":{"allow":["GET"]}}],"collection":[{"href":"https:\/\/www.ernstbrunn-apotheke.at\/katalog\/wp-json\/wp\/v2\/product"}],"about":[{"href":"https:\/\/www.ernstbrunn-apotheke.at\/katalog\/wp-json\/wp\/v2\/types\/product"}],"wp:featuredmedia":[{"embeddable":true,"href":"https:\/\/www.ernstbrunn-apotheke.at\/katalog\/wp-json\/wp\/v2\/media\/83662"}],"wp:attachment":[{"href":"https:\/\/www.ernstbrunn-apotheke.at\/katalog\/wp-json\/wp\/v2\/media?parent=83660"}],"wp:term":[{"taxonomy":"product_brand","embeddable":true,"href":"https:\/\/www.ernstbrunn-apotheke.at\/katalog\/wp-json\/wp\/v2\/product_brand?post=83660"},{"taxonomy":"product_cat","embeddable":true,"href":"https:\/\/www.ernstbrunn-apotheke.at\/katalog\/wp-json\/wp\/v2\/product_cat?post=83660"},{"taxonomy":"product_tag","embeddable":true,"href":"https:\/\/www.ernstbrunn-apotheke.at\/katalog\/wp-json\/wp\/v2\/product_tag?post=83660"}],"curies":[{"name":"wp","href":"https:\/\/api.w.org\/{rel}","templated":true}]}}