{"id":83640,"date":"2025-11-11T23:58:12","date_gmt":"2025-11-11T22:58:12","guid":{"rendered":"https:\/\/www.ernstbrunn-apotheke.at\/katalog\/produkt\/bachbluete-apopharm-04-centaury-tausendgueldenkraut-20-ml\/"},"modified":"2025-12-08T19:34:41","modified_gmt":"2025-12-08T18:34:41","slug":"bachbluete-apopharm-04-centaury-tausendgueldenkraut-20-ml","status":"publish","type":"product","link":"https:\/\/www.ernstbrunn-apotheke.at\/katalog\/produkt\/bachbluete-apopharm-04-centaury-tausendgueldenkraut-20-ml\/","title":{"rendered":"Bachbl\u00fcte Apopharm 04 Centaury\/Tausendg\u00fcldenkraut 20 ml"},"content":{"rendered":"<p>Bachbl\u00fcte Apopharm 04 Centaury eignet sich zur Anwendung bei allen krankhaften St\u00f6rungen, die mit krankhafter Gutm\u00fctigkeit oder Unterw\u00fcrfigkeit einhergehen oder davon ausgel\u00f6st wurden. So wird dieses Produkt im t\u00e4glichen Leben bei Sch\u00fcchternheit, \u00fcbertriebener Gutm\u00fctigkeit oder Nachgiebigkeit eingesetzt.<\/p>\n","protected":false},"excerpt":{"rendered":"<p>Bachbl\u00fcte Apopharm 04 Centaury eignet sich zur Anwendung bei allen krankhaften St\u00f6rungen, die mit krankhafter Gutm\u00fctigkeit oder Unterw\u00fcrfigkeit einhergehen oder davon ausgel\u00f6st wurden. So wird dieses Produkt im t\u00e4glichen Leben bei Sch\u00fcchternheit, \u00fcbertriebener Gutm\u00fctigkeit oder Nachgiebigkeit eingesetzt.<\/p>\n","protected":false},"featured_media":0,"template":"","meta":{"_acf_changed":false},"product_brand":[],"product_cat":[802],"product_tag":[],"class_list":{"0":"post-83640","1":"product","2":"type-product","3":"status-publish","5":"product_cat-b","6":"pa_packungsgroesse-20ml","8":"first","9":"instock","10":"shipping-taxable","11":"purchasable","12":"product-type-simple"},"acf":[],"_links":{"self":[{"href":"https:\/\/www.ernstbrunn-apotheke.at\/katalog\/wp-json\/wp\/v2\/product\/83640","targetHints":{"allow":["GET"]}}],"collection":[{"href":"https:\/\/www.ernstbrunn-apotheke.at\/katalog\/wp-json\/wp\/v2\/product"}],"about":[{"href":"https:\/\/www.ernstbrunn-apotheke.at\/katalog\/wp-json\/wp\/v2\/types\/product"}],"wp:attachment":[{"href":"https:\/\/www.ernstbrunn-apotheke.at\/katalog\/wp-json\/wp\/v2\/media?parent=83640"}],"wp:term":[{"taxonomy":"product_brand","embeddable":true,"href":"https:\/\/www.ernstbrunn-apotheke.at\/katalog\/wp-json\/wp\/v2\/product_brand?post=83640"},{"taxonomy":"product_cat","embeddable":true,"href":"https:\/\/www.ernstbrunn-apotheke.at\/katalog\/wp-json\/wp\/v2\/product_cat?post=83640"},{"taxonomy":"product_tag","embeddable":true,"href":"https:\/\/www.ernstbrunn-apotheke.at\/katalog\/wp-json\/wp\/v2\/product_tag?post=83640"}],"curies":[{"name":"wp","href":"https:\/\/api.w.org\/{rel}","templated":true}]}}