{"id":8363,"date":"2025-11-07T13:41:02","date_gmt":"2025-11-07T12:41:02","guid":{"rendered":"https:\/\/www.ernstbrunn-apotheke.at\/katalog\/produkt\/aconex-augentropfen-10-ml\/"},"modified":"2025-12-08T13:25:31","modified_gmt":"2025-12-08T12:25:31","slug":"aconex-augentropfen-10-ml","status":"publish","type":"product","link":"https:\/\/www.ernstbrunn-apotheke.at\/katalog\/produkt\/aconex-augentropfen-10-ml\/","title":{"rendered":"Aconex Augentropfen 10 ml"},"content":{"rendered":"<p>Aconex Augentropfen bewirken eine Verengung der feinen Blutgef\u00e4\u00dfe in der Bindehaut des Auges und lassen damit die gereizten Schleimh\u00e4ute des Bindehautsackes rasch abschwellen. Dar\u00fcber hinaus werden Beschwerden wie Augenbrennen, Juckreiz oder \u00fcberm\u00e4\u00dfiger Tr\u00e4nenfluss bei Reizungen des Auges oder allergischen Reaktionen gelindert.<\/p>\n","protected":false},"excerpt":{"rendered":"<p>Aconex Augentropfen bewirken eine Verengung der feinen Blutgef\u00e4\u00dfe in der Bindehaut des Auges und lassen damit die gereizten Schleimh\u00e4ute des Bindehautsackes rasch abschwellen. Dar\u00fcber hinaus werden Beschwerden wie Augenbrennen, Juckreiz oder \u00fcberm\u00e4\u00dfiger Tr\u00e4nenfluss bei Reizungen des Auges oder allergischen Reaktionen gelindert.<\/p>\n","protected":false},"featured_media":8365,"template":"","meta":{"_acf_changed":false},"product_brand":[],"product_cat":[801],"product_tag":[],"class_list":{"0":"post-8363","1":"product","2":"type-product","3":"status-publish","4":"has-post-thumbnail","6":"product_cat-a","7":"pa_packungsgroesse-10ml","9":"first","10":"instock","11":"shipping-taxable","12":"purchasable","13":"product-type-simple"},"acf":[],"_links":{"self":[{"href":"https:\/\/www.ernstbrunn-apotheke.at\/katalog\/wp-json\/wp\/v2\/product\/8363","targetHints":{"allow":["GET"]}}],"collection":[{"href":"https:\/\/www.ernstbrunn-apotheke.at\/katalog\/wp-json\/wp\/v2\/product"}],"about":[{"href":"https:\/\/www.ernstbrunn-apotheke.at\/katalog\/wp-json\/wp\/v2\/types\/product"}],"wp:featuredmedia":[{"embeddable":true,"href":"https:\/\/www.ernstbrunn-apotheke.at\/katalog\/wp-json\/wp\/v2\/media\/8365"}],"wp:attachment":[{"href":"https:\/\/www.ernstbrunn-apotheke.at\/katalog\/wp-json\/wp\/v2\/media?parent=8363"}],"wp:term":[{"taxonomy":"product_brand","embeddable":true,"href":"https:\/\/www.ernstbrunn-apotheke.at\/katalog\/wp-json\/wp\/v2\/product_brand?post=8363"},{"taxonomy":"product_cat","embeddable":true,"href":"https:\/\/www.ernstbrunn-apotheke.at\/katalog\/wp-json\/wp\/v2\/product_cat?post=8363"},{"taxonomy":"product_tag","embeddable":true,"href":"https:\/\/www.ernstbrunn-apotheke.at\/katalog\/wp-json\/wp\/v2\/product_tag?post=8363"}],"curies":[{"name":"wp","href":"https:\/\/api.w.org\/{rel}","templated":true}]}}