{"id":83614,"date":"2025-11-11T23:57:44","date_gmt":"2025-11-11T22:57:44","guid":{"rendered":"https:\/\/www.ernstbrunn-apotheke.at\/katalog\/produkt\/pectoral-salbei-bonbons-beutel-75-g-zuckerhaeltig\/"},"modified":"2025-12-08T19:34:27","modified_gmt":"2025-12-08T18:34:27","slug":"pectoral-salbei-bonbons-beutel-75-g-zuckerhaeltig","status":"publish","type":"product","link":"https:\/\/www.ernstbrunn-apotheke.at\/katalog\/produkt\/pectoral-salbei-bonbons-beutel-75-g-zuckerhaeltig\/","title":{"rendered":"Pectoral Salbei Bonbons Beutel 75 g Zuckerh\u00e4ltig"},"content":{"rendered":"<p>Pectoral Salbei Bonbons Beutel mit Vitamin C sind eine Wohltat f\u00fcr den Hals. Die Bonbons enthalten den wertvollen Extrakt und die \u00e4therischen \u00d6le der Salbeipflanze. Diese sind bekannt f\u00fcr ihre wohltuende Wirkung auf Hals und Atemwege. Nur besonders ausgew\u00e4hlte, hochwertige Ingredienzien werden zur Herstellung verwendet. erhalten Sie dieses Produkt in den Varianten Zuckerh\u00e4ltig (75 g) und Zuckerfrei (60 g).<\/p>\n","protected":false},"excerpt":{"rendered":"<p>Pectoral Salbei Bonbons Beutel mit Vitamin C sind eine Wohltat f\u00fcr den Hals. Die Bonbons enthalten den wertvollen Extrakt und die \u00e4therischen \u00d6le der Salbeipflanze. Diese sind bekannt f\u00fcr ihre wohltuende Wirkung auf Hals und Atemwege. Nur besonders ausgew\u00e4hlte, hochwertige Ingredienzien werden zur Herstellung verwendet. erhalten Sie dieses Produkt in den Varianten Zuckerh\u00e4ltig (75 g) [&hellip;]<\/p>\n","protected":false},"featured_media":0,"template":"","meta":{"_acf_changed":false},"product_brand":[],"product_cat":[793],"product_tag":[],"class_list":{"0":"post-83614","1":"product","2":"type-product","3":"status-publish","5":"product_cat-p","6":"pa_packungsgroesse-1-beutel","8":"first","9":"instock","10":"shipping-taxable","11":"purchasable","12":"product-type-simple"},"acf":[],"_links":{"self":[{"href":"https:\/\/www.ernstbrunn-apotheke.at\/katalog\/wp-json\/wp\/v2\/product\/83614","targetHints":{"allow":["GET"]}}],"collection":[{"href":"https:\/\/www.ernstbrunn-apotheke.at\/katalog\/wp-json\/wp\/v2\/product"}],"about":[{"href":"https:\/\/www.ernstbrunn-apotheke.at\/katalog\/wp-json\/wp\/v2\/types\/product"}],"wp:attachment":[{"href":"https:\/\/www.ernstbrunn-apotheke.at\/katalog\/wp-json\/wp\/v2\/media?parent=83614"}],"wp:term":[{"taxonomy":"product_brand","embeddable":true,"href":"https:\/\/www.ernstbrunn-apotheke.at\/katalog\/wp-json\/wp\/v2\/product_brand?post=83614"},{"taxonomy":"product_cat","embeddable":true,"href":"https:\/\/www.ernstbrunn-apotheke.at\/katalog\/wp-json\/wp\/v2\/product_cat?post=83614"},{"taxonomy":"product_tag","embeddable":true,"href":"https:\/\/www.ernstbrunn-apotheke.at\/katalog\/wp-json\/wp\/v2\/product_tag?post=83614"}],"curies":[{"name":"wp","href":"https:\/\/api.w.org\/{rel}","templated":true}]}}