{"id":83576,"date":"2025-11-11T23:56:52","date_gmt":"2025-11-11T22:56:52","guid":{"rendered":"https:\/\/www.ernstbrunn-apotheke.at\/katalog\/produkt\/st-severin-bittere-tropfen-2\/"},"modified":"2025-12-08T19:34:13","modified_gmt":"2025-12-08T18:34:13","slug":"st-severin-bittere-tropfen-2","status":"publish","type":"product","link":"https:\/\/www.ernstbrunn-apotheke.at\/katalog\/produkt\/st-severin-bittere-tropfen-2\/","title":{"rendered":"St. Severin Bittere Tropfen"},"content":{"rendered":"<p>Durch die enthaltenen Bitterstoffe des Bitterklees, des echten Tausendg\u00fcldenkrautes, der Bitterorange, sowie des gelben Enzians wird die Speichelsekretion, sowie die Sekretion der Galle gef\u00f6rdert. Auch wird die Magensaftproduktion angeregt, welche zur Verdauungsverbesserung f\u00fchrt.<\/p>\n<p>Aufgrund von EU Recht d\u00fcrfen wir f\u00fcr dieses Produkt keinerlei Heilaussagen t\u00e4tigen oder spezifische Anwendungen beschreiben. Wir bitten Sie daher, sich auf entsprechenden Fachseiten im Internet oder durch fachspezifische Literatur \u00fcber das Produkt und dessen Anwendung zu informieren.<\/p>\n<p><strong>Zusammensetzung:<\/strong><br \/>100 % w\u00e4ssrig\/alkoholischer Auszug aus Bitterkleebl\u00e4ttern, Tausendg\u00fcldenkraut, Bitterorangenschalen und Enzianwurzel, hergestellt laut Arzneibuch. Alkoholgehalt: 66 % Vol.<\/p>\n<p>Die angegebene empfohlene Verzehrempfehlung darf nicht \u00fcberschritten werden. Nahrungserg\u00e4nzungsmittel d\u00fcrfen nicht als Ersatz f\u00fcr eine ausgewogene und abwechslungsreiche Ern\u00e4hrung verwendet werden. Au\u00dferhalb der Reichweite von kleinen Kindern bei Raumtemperatur trocken lagern.<\/p>\n<p><strong>Verzehrempfehlung:<\/strong><br \/>Bei Bedarf 2 &#8211; 3 x 10 &#8211; 20 Tropfen verd\u00fcnnt mit einem Glas Wasser einnehmen.<\/p>\n","protected":false},"excerpt":{"rendered":"<p>Durch die enthaltenen Bitterstoffe des Bitterklees, des echten Tausendg\u00fcldenkrautes, der Bitterorange, sowie des gelben Enzians wird die Speichelsekretion, sowie die Sekretion der Galle gef\u00f6rdert. Auch wird die Magensaftproduktion angeregt, welche zur Verdauungsverbesserung f\u00fchrt. Aufgrund von EU Recht d\u00fcrfen wir f\u00fcr dieses Produkt keinerlei Heilaussagen t\u00e4tigen oder spezifische Anwendungen beschreiben. Wir bitten Sie daher, sich auf [&hellip;]<\/p>\n","protected":false},"featured_media":83578,"template":"","meta":{"_acf_changed":false},"product_brand":[435],"product_cat":[791],"product_tag":[],"class_list":{"0":"post-83576","1":"product","2":"type-product","3":"status-publish","4":"has-post-thumbnail","6":"product_brand-st-severin","7":"product_cat-s","8":"pa_packungsgroesse-100ml","10":"first","11":"instock","12":"shipping-taxable","13":"purchasable","14":"product-type-simple"},"acf":[],"_links":{"self":[{"href":"https:\/\/www.ernstbrunn-apotheke.at\/katalog\/wp-json\/wp\/v2\/product\/83576","targetHints":{"allow":["GET"]}}],"collection":[{"href":"https:\/\/www.ernstbrunn-apotheke.at\/katalog\/wp-json\/wp\/v2\/product"}],"about":[{"href":"https:\/\/www.ernstbrunn-apotheke.at\/katalog\/wp-json\/wp\/v2\/types\/product"}],"wp:featuredmedia":[{"embeddable":true,"href":"https:\/\/www.ernstbrunn-apotheke.at\/katalog\/wp-json\/wp\/v2\/media\/83578"}],"wp:attachment":[{"href":"https:\/\/www.ernstbrunn-apotheke.at\/katalog\/wp-json\/wp\/v2\/media?parent=83576"}],"wp:term":[{"taxonomy":"product_brand","embeddable":true,"href":"https:\/\/www.ernstbrunn-apotheke.at\/katalog\/wp-json\/wp\/v2\/product_brand?post=83576"},{"taxonomy":"product_cat","embeddable":true,"href":"https:\/\/www.ernstbrunn-apotheke.at\/katalog\/wp-json\/wp\/v2\/product_cat?post=83576"},{"taxonomy":"product_tag","embeddable":true,"href":"https:\/\/www.ernstbrunn-apotheke.at\/katalog\/wp-json\/wp\/v2\/product_tag?post=83576"}],"curies":[{"name":"wp","href":"https:\/\/api.w.org\/{rel}","templated":true}]}}