{"id":83548,"date":"2025-11-11T23:56:24","date_gmt":"2025-11-11T22:56:24","guid":{"rendered":"https:\/\/www.ernstbrunn-apotheke.at\/katalog\/produkt\/adler-bachblueten-wild-oat-tropfen-10-ml\/"},"modified":"2025-12-08T19:34:02","modified_gmt":"2025-12-08T18:34:02","slug":"adler-bachblueten-wild-oat-tropfen-10-ml","status":"publish","type":"product","link":"https:\/\/www.ernstbrunn-apotheke.at\/katalog\/produkt\/adler-bachblueten-wild-oat-tropfen-10-ml\/","title":{"rendered":"Adler Bachbl\u00fcten Wild Oat Tropfen 10 ml"},"content":{"rendered":"<p>Adler Bachbl\u00fcten Wild Oat Tropfen 10 ml sind Teil der &#8222;Sieben Helfer&#8220; und k\u00f6nnen bei andauernder, schlechter Verfassung unterst\u00fctzen. Wild Oat Tropfen sind besonders f\u00fcr Menschen geeignet, die gerne etwas Sinnvolles tun wollen, aber nicht wissen, worin dies besteht und k\u00f6nnen bei Unzufriedenheit und Frust durch sinnlose T\u00e4tigkeit, Unentschlossenheit durch Unklarheit und bei Zweifel unterst\u00fctzend wirken &#8211; jetzt alle Bachbl\u00fctenessenzen von Adler zu g\u00fcnstigen Preisen online bestellen!<\/p>\n","protected":false},"excerpt":{"rendered":"<p>Adler Bachbl\u00fcten Wild Oat Tropfen 10 ml sind Teil der &#8222;Sieben Helfer&#8220; und k\u00f6nnen bei andauernder, schlechter Verfassung unterst\u00fctzen. Wild Oat Tropfen sind besonders f\u00fcr Menschen geeignet, die gerne etwas Sinnvolles tun wollen, aber nicht wissen, worin dies besteht und k\u00f6nnen bei Unzufriedenheit und Frust durch sinnlose T\u00e4tigkeit, Unentschlossenheit durch Unklarheit und bei Zweifel unterst\u00fctzend [&hellip;]<\/p>\n","protected":false},"featured_media":83550,"template":"","meta":{"_acf_changed":false},"product_brand":[928],"product_cat":[801],"product_tag":[],"class_list":{"0":"post-83548","1":"product","2":"type-product","3":"status-publish","4":"has-post-thumbnail","6":"product_brand-adler-pharma","7":"product_cat-a","8":"pa_packungsgroesse-10ml","10":"first","11":"instock","12":"shipping-taxable","13":"purchasable","14":"product-type-simple"},"acf":[],"_links":{"self":[{"href":"https:\/\/www.ernstbrunn-apotheke.at\/katalog\/wp-json\/wp\/v2\/product\/83548","targetHints":{"allow":["GET"]}}],"collection":[{"href":"https:\/\/www.ernstbrunn-apotheke.at\/katalog\/wp-json\/wp\/v2\/product"}],"about":[{"href":"https:\/\/www.ernstbrunn-apotheke.at\/katalog\/wp-json\/wp\/v2\/types\/product"}],"wp:featuredmedia":[{"embeddable":true,"href":"https:\/\/www.ernstbrunn-apotheke.at\/katalog\/wp-json\/wp\/v2\/media\/83550"}],"wp:attachment":[{"href":"https:\/\/www.ernstbrunn-apotheke.at\/katalog\/wp-json\/wp\/v2\/media?parent=83548"}],"wp:term":[{"taxonomy":"product_brand","embeddable":true,"href":"https:\/\/www.ernstbrunn-apotheke.at\/katalog\/wp-json\/wp\/v2\/product_brand?post=83548"},{"taxonomy":"product_cat","embeddable":true,"href":"https:\/\/www.ernstbrunn-apotheke.at\/katalog\/wp-json\/wp\/v2\/product_cat?post=83548"},{"taxonomy":"product_tag","embeddable":true,"href":"https:\/\/www.ernstbrunn-apotheke.at\/katalog\/wp-json\/wp\/v2\/product_tag?post=83548"}],"curies":[{"name":"wp","href":"https:\/\/api.w.org\/{rel}","templated":true}]}}