{"id":83539,"date":"2025-11-11T23:56:24","date_gmt":"2025-11-11T22:56:24","guid":{"rendered":"https:\/\/www.ernstbrunn-apotheke.at\/katalog\/produkt\/apfelessig-vitamin-c-kapseln-2\/"},"modified":"2025-12-08T19:33:55","modified_gmt":"2025-12-08T18:33:55","slug":"apfelessig-vitamin-c-kapseln-2","status":"publish","type":"product","link":"https:\/\/www.ernstbrunn-apotheke.at\/katalog\/produkt\/apfelessig-vitamin-c-kapseln-2\/","title":{"rendered":"Apfelessig + Vitamin C Kapseln"},"content":{"rendered":"<p>Apfelessig + Vitamin C GPH Kapseln enthalten 320 mg Apfelessigpulver und 60 mg Vitamin C. Vitamin C tr\u00e4gt unter anderem zu einer normalen Funktion des Immunsystems w\u00e4hrend und nach intensiver k\u00f6rperlicher Bet\u00e4tigung, einem normalen Energiestoffwechsel und einer normalen psychischen Funktion, einer normalen Funktion des Nervensystems sowie zur Verringerung von M\u00fcdigkeit und Erm\u00fcdung bei.<\/p>\n","protected":false},"excerpt":{"rendered":"<p>Apfelessig + Vitamin C GPH Kapseln enthalten 320 mg Apfelessigpulver und 60 mg Vitamin C. Vitamin C tr\u00e4gt unter anderem zu einer normalen Funktion des Immunsystems w\u00e4hrend und nach intensiver k\u00f6rperlicher Bet\u00e4tigung, einem normalen Energiestoffwechsel und einer normalen psychischen Funktion, einer normalen Funktion des Nervensystems sowie zur Verringerung von M\u00fcdigkeit und Erm\u00fcdung bei.<\/p>\n","protected":false},"featured_media":83541,"template":"","meta":{"_acf_changed":false},"product_brand":[371],"product_cat":[801],"product_tag":[],"class_list":{"0":"post-83539","1":"product","2":"type-product","3":"status-publish","4":"has-post-thumbnail","6":"product_brand-gall-pharma","7":"product_cat-a","8":"pa_packungsgroesse-120-stueck","10":"first","11":"instock","12":"shipping-taxable","13":"purchasable","14":"product-type-simple"},"acf":[],"_links":{"self":[{"href":"https:\/\/www.ernstbrunn-apotheke.at\/katalog\/wp-json\/wp\/v2\/product\/83539","targetHints":{"allow":["GET"]}}],"collection":[{"href":"https:\/\/www.ernstbrunn-apotheke.at\/katalog\/wp-json\/wp\/v2\/product"}],"about":[{"href":"https:\/\/www.ernstbrunn-apotheke.at\/katalog\/wp-json\/wp\/v2\/types\/product"}],"wp:featuredmedia":[{"embeddable":true,"href":"https:\/\/www.ernstbrunn-apotheke.at\/katalog\/wp-json\/wp\/v2\/media\/83541"}],"wp:attachment":[{"href":"https:\/\/www.ernstbrunn-apotheke.at\/katalog\/wp-json\/wp\/v2\/media?parent=83539"}],"wp:term":[{"taxonomy":"product_brand","embeddable":true,"href":"https:\/\/www.ernstbrunn-apotheke.at\/katalog\/wp-json\/wp\/v2\/product_brand?post=83539"},{"taxonomy":"product_cat","embeddable":true,"href":"https:\/\/www.ernstbrunn-apotheke.at\/katalog\/wp-json\/wp\/v2\/product_cat?post=83539"},{"taxonomy":"product_tag","embeddable":true,"href":"https:\/\/www.ernstbrunn-apotheke.at\/katalog\/wp-json\/wp\/v2\/product_tag?post=83539"}],"curies":[{"name":"wp","href":"https:\/\/api.w.org\/{rel}","templated":true}]}}