{"id":83516,"date":"2025-11-11T23:56:04","date_gmt":"2025-11-11T22:56:04","guid":{"rendered":"https:\/\/www.ernstbrunn-apotheke.at\/katalog\/produkt\/tetesept-immusan-c-immun-complex-depot-tabletten-20-stk\/"},"modified":"2025-12-08T19:33:41","modified_gmt":"2025-12-08T18:33:41","slug":"tetesept-immusan-c-immun-complex-depot-tabletten-20-stk","status":"publish","type":"product","link":"https:\/\/www.ernstbrunn-apotheke.at\/katalog\/produkt\/tetesept-immusan-c-immun-complex-depot-tabletten-20-stk\/","title":{"rendered":"Tetesept Immusan C Immun Complex Depot-Tabletten 20 Stk."},"content":{"rendered":"<p>Tetesept Immusan C 800 Depot Complex Tabletten unterst\u00fctzen dank ihrer ausgew\u00e4hlten N\u00e4hrstoffe die Abwehrkr\u00e4fte. Dank der Depot-Technologie von tetesept kann die Versorgung des K\u00f6rpers mit N\u00e4hrstoffen gleichm\u00e4\u00dfig und \u00fcber mehrere Stunden erfolgen. So reicht bereits eine Tablette pro Tag aus, um das Immunsystem zu unterst\u00fctzen, wenn es besonders gefordert ist.<\/p>\n","protected":false},"excerpt":{"rendered":"<p>Tetesept Immusan C 800 Depot Complex Tabletten unterst\u00fctzen dank ihrer ausgew\u00e4hlten N\u00e4hrstoffe die Abwehrkr\u00e4fte. Dank der Depot-Technologie von tetesept kann die Versorgung des K\u00f6rpers mit N\u00e4hrstoffen gleichm\u00e4\u00dfig und \u00fcber mehrere Stunden erfolgen. So reicht bereits eine Tablette pro Tag aus, um das Immunsystem zu unterst\u00fctzen, wenn es besonders gefordert ist.<\/p>\n","protected":false},"featured_media":83518,"template":"","meta":{"_acf_changed":false},"product_brand":[487],"product_cat":[798],"product_tag":[],"class_list":{"0":"post-83516","1":"product","2":"type-product","3":"status-publish","4":"has-post-thumbnail","6":"product_brand-tetesept","7":"product_cat-t","8":"pa_packungsgroesse-20-stueck","10":"first","11":"instock","12":"shipping-taxable","13":"purchasable","14":"product-type-simple"},"acf":[],"_links":{"self":[{"href":"https:\/\/www.ernstbrunn-apotheke.at\/katalog\/wp-json\/wp\/v2\/product\/83516","targetHints":{"allow":["GET"]}}],"collection":[{"href":"https:\/\/www.ernstbrunn-apotheke.at\/katalog\/wp-json\/wp\/v2\/product"}],"about":[{"href":"https:\/\/www.ernstbrunn-apotheke.at\/katalog\/wp-json\/wp\/v2\/types\/product"}],"wp:featuredmedia":[{"embeddable":true,"href":"https:\/\/www.ernstbrunn-apotheke.at\/katalog\/wp-json\/wp\/v2\/media\/83518"}],"wp:attachment":[{"href":"https:\/\/www.ernstbrunn-apotheke.at\/katalog\/wp-json\/wp\/v2\/media?parent=83516"}],"wp:term":[{"taxonomy":"product_brand","embeddable":true,"href":"https:\/\/www.ernstbrunn-apotheke.at\/katalog\/wp-json\/wp\/v2\/product_brand?post=83516"},{"taxonomy":"product_cat","embeddable":true,"href":"https:\/\/www.ernstbrunn-apotheke.at\/katalog\/wp-json\/wp\/v2\/product_cat?post=83516"},{"taxonomy":"product_tag","embeddable":true,"href":"https:\/\/www.ernstbrunn-apotheke.at\/katalog\/wp-json\/wp\/v2\/product_tag?post=83516"}],"curies":[{"name":"wp","href":"https:\/\/api.w.org\/{rel}","templated":true}]}}