{"id":83506,"date":"2025-11-11T23:55:35","date_gmt":"2025-11-11T22:55:35","guid":{"rendered":"https:\/\/www.ernstbrunn-apotheke.at\/katalog\/produkt\/schlaf-fit-kapseln\/"},"modified":"2025-12-08T19:33:33","modified_gmt":"2025-12-08T18:33:33","slug":"schlaf-fit-kapseln","status":"publish","type":"product","link":"https:\/\/www.ernstbrunn-apotheke.at\/katalog\/produkt\/schlaf-fit-kapseln\/","title":{"rendered":"Schlaf &#8211; Fit Kapseln"},"content":{"rendered":"<p>Schlaf-Fit GPH Kapseln enthalten Baldrianwurzel Trockenextrakt und Hopfenzapfen Trockenextrakt in einer Hartgelatinekapsel. Die Kombination dieser Inhaltsstoffe mit \u00e4hnlichem Effekt ergibt ein Nahrungserg\u00e4nzungsmittel, das bei nerv\u00f6s bedingten Einschlafst\u00f6rungen und Unruhezust\u00e4nden eingesetzt werden kann. Dabei soll der physiologische Schlafrhythmus unbeeinflusst bleiben . Dieses Produkt erhalten Sie in den Packungsgr\u00f6\u00dfen 50 und 100 St\u00fcck.<\/p>\n","protected":false},"excerpt":{"rendered":"<p>Schlaf-Fit GPH Kapseln enthalten Baldrianwurzel Trockenextrakt und Hopfenzapfen Trockenextrakt in einer Hartgelatinekapsel. Die Kombination dieser Inhaltsstoffe mit \u00e4hnlichem Effekt ergibt ein Nahrungserg\u00e4nzungsmittel, das bei nerv\u00f6s bedingten Einschlafst\u00f6rungen und Unruhezust\u00e4nden eingesetzt werden kann. Dabei soll der physiologische Schlafrhythmus unbeeinflusst bleiben . Dieses Produkt erhalten Sie in den Packungsgr\u00f6\u00dfen 50 und 100 St\u00fcck.<\/p>\n","protected":false},"featured_media":0,"template":"","meta":{"_acf_changed":false},"product_brand":[371],"product_cat":[791],"product_tag":[],"class_list":{"0":"post-83506","1":"product","2":"type-product","3":"status-publish","5":"product_brand-gall-pharma","6":"product_cat-s","7":"pa_packungsgroesse-100-stueck","8":"pa_packungsgroesse-50-stueck","10":"first","11":"instock","12":"shipping-taxable","13":"purchasable","14":"product-type-simple"},"acf":[],"_links":{"self":[{"href":"https:\/\/www.ernstbrunn-apotheke.at\/katalog\/wp-json\/wp\/v2\/product\/83506","targetHints":{"allow":["GET"]}}],"collection":[{"href":"https:\/\/www.ernstbrunn-apotheke.at\/katalog\/wp-json\/wp\/v2\/product"}],"about":[{"href":"https:\/\/www.ernstbrunn-apotheke.at\/katalog\/wp-json\/wp\/v2\/types\/product"}],"wp:attachment":[{"href":"https:\/\/www.ernstbrunn-apotheke.at\/katalog\/wp-json\/wp\/v2\/media?parent=83506"}],"wp:term":[{"taxonomy":"product_brand","embeddable":true,"href":"https:\/\/www.ernstbrunn-apotheke.at\/katalog\/wp-json\/wp\/v2\/product_brand?post=83506"},{"taxonomy":"product_cat","embeddable":true,"href":"https:\/\/www.ernstbrunn-apotheke.at\/katalog\/wp-json\/wp\/v2\/product_cat?post=83506"},{"taxonomy":"product_tag","embeddable":true,"href":"https:\/\/www.ernstbrunn-apotheke.at\/katalog\/wp-json\/wp\/v2\/product_tag?post=83506"}],"curies":[{"name":"wp","href":"https:\/\/api.w.org\/{rel}","templated":true}]}}