{"id":83496,"date":"2025-11-11T23:55:35","date_gmt":"2025-11-11T22:55:35","guid":{"rendered":"https:\/\/www.ernstbrunn-apotheke.at\/katalog\/produkt\/melasan-glutamin-500-kapseln-60-stk\/"},"modified":"2025-12-08T19:33:32","modified_gmt":"2025-12-08T18:33:32","slug":"melasan-glutamin-500-kapseln-60-stk","status":"publish","type":"product","link":"https:\/\/www.ernstbrunn-apotheke.at\/katalog\/produkt\/melasan-glutamin-500-kapseln-60-stk\/","title":{"rendered":"Melasan Glutamin 500 Kapseln 60 Stk."},"content":{"rendered":"<p>Melasan Glutamin 500 Kapseln 60 Stk. mit 500 mg L-Glutamin helfen dabei, bei bester Gesundheit zu bleiben und verleihen mehr Energie, um auch gro\u00dfe Trainingsumf\u00e4nge und einen fordernden Alltag zu bew\u00e4ltigen. L-Glutamin ist die am h\u00e4ufigsten vorkommende Aminos\u00e4ure im Stoffwechsel und erf\u00fcllt au\u00dferdem zahlreiche metabolische Schl\u00fcsselfunktionen<\/p>\n","protected":false},"excerpt":{"rendered":"<p>Melasan Glutamin 500 Kapseln 60 Stk. mit 500 mg L-Glutamin helfen dabei, bei bester Gesundheit zu bleiben und verleihen mehr Energie, um auch gro\u00dfe Trainingsumf\u00e4nge und einen fordernden Alltag zu bew\u00e4ltigen. L-Glutamin ist die am h\u00e4ufigsten vorkommende Aminos\u00e4ure im Stoffwechsel und erf\u00fcllt au\u00dferdem zahlreiche metabolische Schl\u00fcsselfunktionen<\/p>\n","protected":false},"featured_media":83498,"template":"","meta":{"_acf_changed":false},"product_brand":[],"product_cat":[800],"product_tag":[],"class_list":{"0":"post-83496","1":"product","2":"type-product","3":"status-publish","4":"has-post-thumbnail","6":"product_cat-m","7":"pa_packungsgroesse-60-stueck","9":"first","10":"instock","11":"shipping-taxable","12":"purchasable","13":"product-type-simple"},"acf":[],"_links":{"self":[{"href":"https:\/\/www.ernstbrunn-apotheke.at\/katalog\/wp-json\/wp\/v2\/product\/83496","targetHints":{"allow":["GET"]}}],"collection":[{"href":"https:\/\/www.ernstbrunn-apotheke.at\/katalog\/wp-json\/wp\/v2\/product"}],"about":[{"href":"https:\/\/www.ernstbrunn-apotheke.at\/katalog\/wp-json\/wp\/v2\/types\/product"}],"wp:featuredmedia":[{"embeddable":true,"href":"https:\/\/www.ernstbrunn-apotheke.at\/katalog\/wp-json\/wp\/v2\/media\/83498"}],"wp:attachment":[{"href":"https:\/\/www.ernstbrunn-apotheke.at\/katalog\/wp-json\/wp\/v2\/media?parent=83496"}],"wp:term":[{"taxonomy":"product_brand","embeddable":true,"href":"https:\/\/www.ernstbrunn-apotheke.at\/katalog\/wp-json\/wp\/v2\/product_brand?post=83496"},{"taxonomy":"product_cat","embeddable":true,"href":"https:\/\/www.ernstbrunn-apotheke.at\/katalog\/wp-json\/wp\/v2\/product_cat?post=83496"},{"taxonomy":"product_tag","embeddable":true,"href":"https:\/\/www.ernstbrunn-apotheke.at\/katalog\/wp-json\/wp\/v2\/product_tag?post=83496"}],"curies":[{"name":"wp","href":"https:\/\/api.w.org\/{rel}","templated":true}]}}