{"id":8344,"date":"2025-11-07T13:40:14","date_gmt":"2025-11-07T12:40:14","guid":{"rendered":"https:\/\/www.ernstbrunn-apotheke.at\/katalog\/produkt\/vividrin-ectoin-mdo-augentropfen\/"},"modified":"2025-12-08T13:25:30","modified_gmt":"2025-12-08T12:25:30","slug":"vividrin-ectoin-mdo-augentropfen","status":"publish","type":"product","link":"https:\/\/www.ernstbrunn-apotheke.at\/katalog\/produkt\/vividrin-ectoin-mdo-augentropfen\/","title":{"rendered":"Vividrin Ectoin MDO Augentropfen"},"content":{"rendered":"<p>Vividrin ectoin MDO k\u00f6nnen als nat\u00fcrliche und unterst\u00fctzende Augentropfen bei Bindehautentz\u00fcndungen und weiteren Symptomen allergiegereizter Augen angewendet werden. Die effektive Kombination aus Ectoin und Hyaluron beruhigt und befeuchtet das Auge sanft, wodurch Vividrin ectoin MDO Augentropfen allergische Bindehautentz\u00fcndungen sowie weitere allergische Augenreizungen wirkungsvoll lindern und vorbeugen k\u00f6nnen. Als nat\u00fcrliche L\u00f6sung ohne Konservierungsstoffe und Puffer, ist Vividrin ectoin MDO sogar f\u00fcr Kinder, Schwangere, Stillende und Kontaktlinsentr\u00e4ger geeignet..<\/p>\n","protected":false},"excerpt":{"rendered":"<p>Vividrin ectoin MDO k\u00f6nnen als nat\u00fcrliche und unterst\u00fctzende Augentropfen bei Bindehautentz\u00fcndungen und weiteren Symptomen allergiegereizter Augen angewendet werden. Die effektive Kombination aus Ectoin und Hyaluron beruhigt und befeuchtet das Auge sanft, wodurch Vividrin ectoin MDO Augentropfen allergische Bindehautentz\u00fcndungen sowie weitere allergische Augenreizungen wirkungsvoll lindern und vorbeugen k\u00f6nnen. Als nat\u00fcrliche L\u00f6sung ohne Konservierungsstoffe und Puffer, ist [&hellip;]<\/p>\n","protected":false},"featured_media":8346,"template":"","meta":{"_acf_changed":false},"product_brand":[],"product_cat":[799],"product_tag":[],"class_list":{"0":"post-8344","1":"product","2":"type-product","3":"status-publish","4":"has-post-thumbnail","6":"product_cat-v","7":"pa_packungsgroesse-10ml","9":"first","10":"instock","11":"shipping-taxable","12":"purchasable","13":"product-type-simple"},"acf":[],"_links":{"self":[{"href":"https:\/\/www.ernstbrunn-apotheke.at\/katalog\/wp-json\/wp\/v2\/product\/8344","targetHints":{"allow":["GET"]}}],"collection":[{"href":"https:\/\/www.ernstbrunn-apotheke.at\/katalog\/wp-json\/wp\/v2\/product"}],"about":[{"href":"https:\/\/www.ernstbrunn-apotheke.at\/katalog\/wp-json\/wp\/v2\/types\/product"}],"wp:featuredmedia":[{"embeddable":true,"href":"https:\/\/www.ernstbrunn-apotheke.at\/katalog\/wp-json\/wp\/v2\/media\/8346"}],"wp:attachment":[{"href":"https:\/\/www.ernstbrunn-apotheke.at\/katalog\/wp-json\/wp\/v2\/media?parent=8344"}],"wp:term":[{"taxonomy":"product_brand","embeddable":true,"href":"https:\/\/www.ernstbrunn-apotheke.at\/katalog\/wp-json\/wp\/v2\/product_brand?post=8344"},{"taxonomy":"product_cat","embeddable":true,"href":"https:\/\/www.ernstbrunn-apotheke.at\/katalog\/wp-json\/wp\/v2\/product_cat?post=8344"},{"taxonomy":"product_tag","embeddable":true,"href":"https:\/\/www.ernstbrunn-apotheke.at\/katalog\/wp-json\/wp\/v2\/product_tag?post=8344"}],"curies":[{"name":"wp","href":"https:\/\/api.w.org\/{rel}","templated":true}]}}