{"id":83402,"date":"2025-11-11T23:54:05","date_gmt":"2025-11-11T22:54:05","guid":{"rendered":"https:\/\/www.ernstbrunn-apotheke.at\/katalog\/produkt\/casida-narbenpflegeoel-repair-protect-pflanzliche-pflege-von-narben\/"},"modified":"2025-12-08T19:32:53","modified_gmt":"2025-12-08T18:32:53","slug":"casida-narbenpflegeoel-repair-protect-pflanzliche-pflege-von-narben","status":"publish","type":"product","link":"https:\/\/www.ernstbrunn-apotheke.at\/katalog\/produkt\/casida-narbenpflegeoel-repair-protect-pflanzliche-pflege-von-narben\/","title":{"rendered":"Casida NARBENPFLEGE\u00d6L Repair &#038; Protect pflanzliche Pflege von Narben"},"content":{"rendered":"<p>Casida Narbenpflege\u00f6l Repair &#038; Protect ist eine bew\u00e4hrte, pflanzliche Narbenpflege nach Verletzungen der Haut. Unsch\u00f6ne und st\u00f6rende Narben verblassen und Spannungsgef\u00fchl, Juckreiz und Verf\u00e4rbungen werden gemildert. Gut vertr\u00e4glich und sanft zur Haut. Auch f\u00fcr Kinder (ab 6 Jahren) und empfindliche Haut geeignet.<\/p>\n","protected":false},"excerpt":{"rendered":"<p>Casida Narbenpflege\u00f6l Repair &#038; Protect ist eine bew\u00e4hrte, pflanzliche Narbenpflege nach Verletzungen der Haut. Unsch\u00f6ne und st\u00f6rende Narben verblassen und Spannungsgef\u00fchl, Juckreiz und Verf\u00e4rbungen werden gemildert. Gut vertr\u00e4glich und sanft zur Haut. Auch f\u00fcr Kinder (ab 6 Jahren) und empfindliche Haut geeignet.<\/p>\n","protected":false},"featured_media":83404,"template":"","meta":{"_acf_changed":false},"product_brand":[],"product_cat":[812],"product_tag":[],"class_list":{"0":"post-83402","1":"product","2":"type-product","3":"status-publish","4":"has-post-thumbnail","6":"product_cat-c","7":"pa_packungsgroesse-20ml","9":"first","10":"instock","11":"shipping-taxable","12":"purchasable","13":"product-type-simple"},"acf":[],"_links":{"self":[{"href":"https:\/\/www.ernstbrunn-apotheke.at\/katalog\/wp-json\/wp\/v2\/product\/83402","targetHints":{"allow":["GET"]}}],"collection":[{"href":"https:\/\/www.ernstbrunn-apotheke.at\/katalog\/wp-json\/wp\/v2\/product"}],"about":[{"href":"https:\/\/www.ernstbrunn-apotheke.at\/katalog\/wp-json\/wp\/v2\/types\/product"}],"wp:featuredmedia":[{"embeddable":true,"href":"https:\/\/www.ernstbrunn-apotheke.at\/katalog\/wp-json\/wp\/v2\/media\/83404"}],"wp:attachment":[{"href":"https:\/\/www.ernstbrunn-apotheke.at\/katalog\/wp-json\/wp\/v2\/media?parent=83402"}],"wp:term":[{"taxonomy":"product_brand","embeddable":true,"href":"https:\/\/www.ernstbrunn-apotheke.at\/katalog\/wp-json\/wp\/v2\/product_brand?post=83402"},{"taxonomy":"product_cat","embeddable":true,"href":"https:\/\/www.ernstbrunn-apotheke.at\/katalog\/wp-json\/wp\/v2\/product_cat?post=83402"},{"taxonomy":"product_tag","embeddable":true,"href":"https:\/\/www.ernstbrunn-apotheke.at\/katalog\/wp-json\/wp\/v2\/product_tag?post=83402"}],"curies":[{"name":"wp","href":"https:\/\/api.w.org\/{rel}","templated":true}]}}